{"id":3299,"date":"2025-09-02T13:23:33","date_gmt":"2025-09-02T11:23:33","guid":{"rendered":"https:\/\/www.torradilalba.com\/?page_id=3299"},"modified":"2025-09-04T07:22:22","modified_gmt":"2025-09-04T05:22:22","slug":"contact","status":"publish","type":"page","link":"https:\/\/www.torradilalba.com\/it\/contact\/","title":{"rendered":"Contatto"},"content":{"rendered":"<div data-elementor-type=\"wp-page\" data-elementor-id=\"3299\" class=\"elementor elementor-3299\" data-elementor-post-type=\"page\">\n\t\t\t\t<div class=\"elementor-element elementor-element-8477ac5 e-flex e-con-boxed e-con e-parent\" data-id=\"8477ac5\" data-element_type=\"container\" data-settings=\"{&quot;background_background&quot;:&quot;slideshow&quot;,&quot;background_slideshow_gallery&quot;:[{&quot;id&quot;:3129,&quot;url&quot;:&quot;https:\\\/\\\/www.torradilalba.com\\\/wp-content\\\/uploads\\\/2025\\\/07\\\/Torra-di-lalba-2025-07-5-2.jpg&quot;}],&quot;background_slideshow_slide_duration&quot;:4000,&quot;background_slideshow_transition_duration&quot;:1000,&quot;background_slideshow_ken_burns&quot;:&quot;yes&quot;,&quot;background_slideshow_ken_burns_zoom_direction&quot;:&quot;out&quot;,&quot;background_slideshow_loop&quot;:&quot;yes&quot;,&quot;background_slideshow_slide_transition&quot;:&quot;fade&quot;}\">\n\t\t\t\t\t<div class=\"e-con-inner\">\n\t\t\t\t<div class=\"elementor-element elementor-element-2e327d8 elementor-widget elementor-widget-heading\" data-id=\"2e327d8\" data-element_type=\"widget\" data-widget_type=\"heading.default\">\n\t\t\t\t\t<h2 class=\"elementor-heading-title elementor-size-default\">Preparate il vostro soggiorno in Corsica<\/h2>\t\t\t\t<\/div>\n\t\t\t\t<div class=\"elementor-element elementor-element-4e2e7dc elementor-widget elementor-widget-heading\" data-id=\"4e2e7dc\" data-element_type=\"widget\" data-widget_type=\"heading.default\">\n\t\t\t\t\t<h1 class=\"elementor-heading-title elementor-size-default\">Contattateci per prenotare la vostra vacanza da sogno<\/h1>\t\t\t\t<\/div>\n\t\t\t\t\t<\/div>\n\t\t\t\t<\/div>\n\t\t<div class=\"elementor-element elementor-element-7dddabb e-flex e-con-boxed e-con e-parent\" data-id=\"7dddabb\" data-element_type=\"container\">\n\t\t\t\t\t<div class=\"e-con-inner\">\n\t\t<div class=\"elementor-element elementor-element-5b4da07 e-con-full e-flex e-con e-child\" data-id=\"5b4da07\" data-element_type=\"container\">\n\t\t\t\t<div class=\"elementor-element elementor-element-07eb09c elementor-widget elementor-widget-heading\" data-id=\"07eb09c\" data-element_type=\"widget\" data-settings=\"{&quot;motion_fx_motion_fx_scrolling&quot;:&quot;yes&quot;,&quot;motion_fx_scale_effect&quot;:&quot;yes&quot;,&quot;motion_fx_scale_range&quot;:{&quot;unit&quot;:&quot;%&quot;,&quot;size&quot;:&quot;&quot;,&quot;sizes&quot;:{&quot;start&quot;:54,&quot;end&quot;:100}},&quot;motion_fx_scale_speed&quot;:{&quot;unit&quot;:&quot;px&quot;,&quot;size&quot;:1,&quot;sizes&quot;:[]},&quot;motion_fx_scale_direction&quot;:&quot;out-in&quot;,&quot;motion_fx_devices&quot;:[&quot;desktop&quot;,&quot;laptop&quot;,&quot;tablet&quot;,&quot;mobile_extra&quot;,&quot;mobile&quot;]}\" data-widget_type=\"heading.default\">\n\t\t\t\t\t<h3 class=\"elementor-heading-title elementor-size-default\">Avete una domanda, una richiesta o una prenotazione?<\/h3>\t\t\t\t<\/div>\n\t\t\t\t<div class=\"elementor-element elementor-element-96db898 elementor-widget elementor-widget-text-editor\" data-id=\"96db898\" data-element_type=\"widget\" data-widget_type=\"text-editor.default\">\n\t\t\t\t\t\t\t\t\t<p data-start=\"237\" data-end=\"336\">La Torra di l'Alba vi accoglie tutto l'anno nel cuore del villaggio di Viggianello, nel sud della Corsica.<\/p><p data-start=\"338\" data-end=\"485\">Per qualsiasi informazione, disponibilit\u00e0 o richiesta di prenotazione, non esitate a scriverci. Vi risponderemo al pi\u00f9 presto.<\/p>\t\t\t\t\t\t\t\t<\/div>\n\t\t\t\t<div class=\"elementor-element elementor-element-c49eb69 elementor-icon-list--layout-traditional elementor-list-item-link-full_width elementor-widget elementor-widget-icon-list\" data-id=\"c49eb69\" data-element_type=\"widget\" data-widget_type=\"icon-list.default\">\n\t\t\t\t\t\t\t<ul class=\"elementor-icon-list-items\">\n\t\t\t\t\t\t\t<li class=\"elementor-icon-list-item\">\n\t\t\t\t\t\t\t\t\t\t\t<span class=\"elementor-icon-list-icon\">\n\t\t\t\t\t\t\t<svg aria-hidden=\"true\" class=\"e-font-icon-svg e-fas-phone-alt\" viewbox=\"0 0 512 512\" xmlns=\"http:\/\/www.w3.org\/2000\/svg\"><path d=\"M497.39 361.8l-112-48a24 24 0 0 0-28 6.9l-49.6 60.6A370.66 370.66 0 0 1 130.6 204.11l60.6-49.6a23.94 23.94 0 0 0 6.9-28l-48-112A24.16 24.16 0 0 0 122.6.61l-104 24A24 24 0 0 0 0 48c0 256.5 207.9 464 464 464a24 24 0 0 0 23.4-18.6l24-104a24.29 24.29 0 0 0-14.01-27.6z\"><\/path><\/svg>\t\t\t\t\t\t<\/span>\n\t\t\t\t\t\t\t\t\t\t<span class=\"elementor-icon-list-text\">+33(0) 6 13 27 53 06<\/span>\n\t\t\t\t\t\t\t\t\t<\/li>\n\t\t\t\t\t\t\t\t<li class=\"elementor-icon-list-item\">\n\t\t\t\t\t\t\t\t\t\t\t<span class=\"elementor-icon-list-icon\">\n\t\t\t\t\t\t\t<svg aria-hidden=\"true\" class=\"e-font-icon-svg e-fas-envelope\" viewbox=\"0 0 512 512\" xmlns=\"http:\/\/www.w3.org\/2000\/svg\"><path d=\"M502.3 190.8c3.9-3.1 9.7-.2 9.7 4.7V400c0 26.5-21.5 48-48 48H48c-26.5 0-48-21.5-48-48V195.6c0-5 5.7-7.8 9.7-4.7 22.4 17.4 52.1 39.5 154.1 113.6 21.1 15.4 56.7 47.8 92.2 47.6 35.7.3 72-32.8 92.3-47.6 102-74.1 131.6-96.3 154-113.7zM256 320c23.2.4 56.6-29.2 73.4-41.4 132.7-96.3 142.8-104.7 173.4-128.7 5.8-4.5 9.2-11.5 9.2-18.9v-19c0-26.5-21.5-48-48-48H48C21.5 64 0 85.5 0 112v19c0 7.4 3.4 14.3 9.2 18.9 30.6 23.9 40.7 32.4 173.4 128.7 16.8 12.2 50.2 41.8 73.4 41.4z\"><\/path><\/svg>\t\t\t\t\t\t<\/span>\n\t\t\t\t\t\t\t\t\t\t<span class=\"elementor-icon-list-text\">torradilalba@gmail.com<\/span>\n\t\t\t\t\t\t\t\t\t<\/li>\n\t\t\t\t\t\t\t\t<li class=\"elementor-icon-list-item\">\n\t\t\t\t\t\t\t\t\t\t\t<span class=\"elementor-icon-list-icon\">\n\t\t\t\t\t\t\t<svg aria-hidden=\"true\" class=\"e-font-icon-svg e-fas-map-pin\" viewbox=\"0 0 288 512\" xmlns=\"http:\/\/www.w3.org\/2000\/svg\"><path d=\"M112 316.94v156.69l22.02 33.02c4.75 7.12 15.22 7.12 19.97 0L176 473.63V316.94c-10.39 1.92-21.06 3.06-32 3.06s-21.61-1.14-32-3.06zM144 0C64.47 0 0 64.47 0 144s64.47 144 144 144 144-64.47 144-144S223.53 0 144 0zm0 76c-37.5 0-68 30.5-68 68 0 6.62-5.38 12-12 12s-12-5.38-12-12c0-50.73 41.28-92 92-92 6.62 0 12 5.38 12 12s-5.38 12-12 12z\"><\/path><\/svg>\t\t\t\t\t\t<\/span>\n\t\t\t\t\t\t\t\t\t\t<span class=\"elementor-icon-list-text\">20110 Viggianello, Corsica del Sud<\/span>\n\t\t\t\t\t\t\t\t\t<\/li>\n\t\t\t\t\t\t<\/ul>\n\t\t\t\t\t\t<\/div>\n\t\t\t\t<\/div>\n\t\t<div class=\"elementor-element elementor-element-f989adb e-con-full e-flex e-con e-child\" data-id=\"f989adb\" data-element_type=\"container\">\n\t\t\t\t<div class=\"elementor-element elementor-element-8c14c22 elementor-button-align-stretch elementor-widget elementor-widget-form\" data-id=\"8c14c22\" data-element_type=\"widget\" data-settings=\"{&quot;step_next_label&quot;:&quot;Suivant&quot;,&quot;step_previous_label&quot;:&quot;Pr\\u00e9c\\u00e9dent&quot;,&quot;button_width&quot;:&quot;100&quot;,&quot;step_type&quot;:&quot;number_text&quot;,&quot;step_icon_shape&quot;:&quot;circle&quot;}\" data-widget_type=\"form.default\">\n\t\t\t\t\t\t\t<form class=\"elementor-form\" method=\"post\" name=\"Nouveau formulaire\" aria-label=\"Nuovo modulo\" action=\"\">\n\t\t\t<input type=\"hidden\" name=\"post_id\" value=\"3299\"\/>\n\t\t\t<input type=\"hidden\" name=\"form_id\" value=\"8c14c22\"\/>\n\t\t\t<input type=\"hidden\" name=\"referer_title\" value=\"Torra di l&#039;Alba\" \/>\n\n\t\t\t\n\t\t\t<div class=\"elementor-form-fields-wrapper elementor-labels-above\">\n\t\t\t\t\t\t\t\t<div class=\"elementor-field-type-text elementor-field-group elementor-column elementor-field-group-name elementor-col-100 elementor-field-required elementor-mark-required\">\n\t\t\t\t\t\t\t\t\t\t\t\t<label for=\"form-field-name\" class=\"elementor-field-label\">\n\t\t\t\t\t\t\t\tNome\t\t\t\t\t\t\t<\/label>\n\t\t\t\t\t\t\t\t\t\t\t\t\t\t<input size=\"1\" type=\"text\" name=\"form_fields[name]\" id=\"form-field-name\" class=\"elementor-field elementor-size-sm  elementor-field-textual\" required=\"required\">\n\t\t\t\t\t\t\t\t\t\t\t<\/div>\n\t\t\t\t\t\t\t\t<div class=\"elementor-field-type-text elementor-field-group elementor-column elementor-field-group-field_1fc7c2d elementor-col-100 elementor-field-required elementor-mark-required\">\n\t\t\t\t\t\t\t\t\t\t\t\t<label for=\"form-field-field_1fc7c2d\" class=\"elementor-field-label\">\n\t\t\t\t\t\t\t\tNome\t\t\t\t\t\t\t<\/label>\n\t\t\t\t\t\t\t\t\t\t\t\t\t\t<input size=\"1\" type=\"text\" name=\"form_fields[field_1fc7c2d]\" id=\"form-field-field_1fc7c2d\" class=\"elementor-field elementor-size-sm  elementor-field-textual\" required=\"required\">\n\t\t\t\t\t\t\t\t\t\t\t<\/div>\n\t\t\t\t\t\t\t\t<div class=\"elementor-field-type-email elementor-field-group elementor-column elementor-field-group-email elementor-col-100 elementor-field-required elementor-mark-required\">\n\t\t\t\t\t\t\t\t\t\t\t\t<label for=\"form-field-email\" class=\"elementor-field-label\">\n\t\t\t\t\t\t\t\tE-mail\t\t\t\t\t\t\t<\/label>\n\t\t\t\t\t\t\t\t\t\t\t\t\t\t<input size=\"1\" type=\"email\" name=\"form_fields[email]\" id=\"form-field-email\" class=\"elementor-field elementor-size-sm  elementor-field-textual\" required=\"required\">\n\t\t\t\t\t\t\t\t\t\t\t<\/div>\n\t\t\t\t\t\t\t\t<div class=\"elementor-field-type-tel elementor-field-group elementor-column elementor-field-group-field_ab63695 elementor-col-100 elementor-field-required elementor-mark-required\">\n\t\t\t\t\t\t\t\t\t\t\t\t<label for=\"form-field-field_ab63695\" class=\"elementor-field-label\">\n\t\t\t\t\t\t\t\tTelefono\t\t\t\t\t\t\t<\/label>\n\t\t\t\t\t\t\t\t<input size=\"1\" type=\"tel\" name=\"form_fields[field_ab63695]\" id=\"form-field-field_ab63695\" class=\"elementor-field elementor-size-sm  elementor-field-textual\" required=\"required\" pattern=\"[0-9()#&amp;+*-=.]+\" title=\"Sono accettati solo i caratteri dei numeri di telefono (#, -, *, ecc.).\">\n\n\t\t\t\t\t\t<\/div>\n\t\t\t\t\t\t\t\t<div class=\"elementor-field-type-number elementor-field-group elementor-column elementor-field-group-field_4ebb477 elementor-col-100\">\n\t\t\t\t\t\t\t\t\t\t\t\t<label for=\"form-field-field_4ebb477\" class=\"elementor-field-label\">\n\t\t\t\t\t\t\t\tNumero di persone\t\t\t\t\t\t\t<\/label>\n\t\t\t\t\t\t\t\t\t<input type=\"number\" name=\"form_fields[field_4ebb477]\" id=\"form-field-field_4ebb477\" class=\"elementor-field elementor-size-sm  elementor-field-textual\" min=\"\" max=\"\" >\n\t\t\t\t\t\t<\/div>\n\t\t\t\t\t\t\t\t<div class=\"elementor-field-type-date elementor-field-group elementor-column elementor-field-group-field_50281cc elementor-col-100\">\n\t\t\t\t\t\t\t\t\t\t\t\t<label for=\"form-field-field_50281cc\" class=\"elementor-field-label\">\n\t\t\t\t\t\t\t\tData di arrivo\t\t\t\t\t\t\t<\/label>\n\t\t\t\t\t\t\n\t\t<input type=\"date\" name=\"form_fields[field_50281cc]\" id=\"form-field-field_50281cc\" class=\"elementor-field elementor-size-sm  elementor-field-textual elementor-date-field\" pattern=\"[0-9]{4}-[0-9]{2}-[0-9]{2}\">\n\t\t\t\t\t\t<\/div>\n\t\t\t\t\t\t\t\t<div class=\"elementor-field-type-date elementor-field-group elementor-column elementor-field-group-field_fd62e67 elementor-col-100\">\n\t\t\t\t\t\t\t\t\t\t\t\t<label for=\"form-field-field_fd62e67\" class=\"elementor-field-label\">\n\t\t\t\t\t\t\t\tData di partenza\t\t\t\t\t\t\t<\/label>\n\t\t\t\t\t\t\n\t\t<input type=\"date\" name=\"form_fields[field_fd62e67]\" id=\"form-field-field_fd62e67\" class=\"elementor-field elementor-size-sm  elementor-field-textual elementor-date-field\" pattern=\"[0-9]{4}-[0-9]{2}-[0-9]{2}\">\n\t\t\t\t\t\t<\/div>\n\t\t\t\t\t\t\t\t<div class=\"elementor-field-type-textarea elementor-field-group elementor-column elementor-field-group-message elementor-col-100\">\n\t\t\t\t\t\t\t\t\t\t\t\t<label for=\"form-field-message\" class=\"elementor-field-label\">\n\t\t\t\t\t\t\t\tMessaggio\t\t\t\t\t\t\t<\/label>\n\t\t\t\t\t\t<textarea class=\"elementor-field-textual elementor-field  elementor-size-sm\" name=\"form_fields[message]\" id=\"form-field-message\" rows=\"4\"><\/textarea>\t\t\t\t<\/div>\n\t\t\t\t\t\t\t\t<div class=\"elementor-field-type-recaptcha_v3 elementor-field-group elementor-column elementor-field-group-field_b418c94 elementor-col-100 recaptcha_v3-bottomleft\">\n\t\t\t\t\t<div class=\"elementor-field\" id=\"form-field-field_b418c94\"><div class=\"elementor-g-recaptcha\" data-sitekey=\"6LfiVrwrAAAAAOWk19iJaK-fUnI0WkDgCqaHRJgY\" data-type=\"v3\" data-action=\"Form\" data-badge=\"bottomleft\" data-size=\"invisible\"><\/div><\/div>\t\t\t\t<\/div>\n\t\t\t\t\t\t\t\t<div class=\"elementor-field-group elementor-column elementor-field-type-submit elementor-col-100 e-form__buttons\">\n\t\t\t\t\t<button class=\"elementor-button elementor-size-sm\" type=\"submit\">\n\t\t\t\t\t\t<span class=\"elementor-button-content-wrapper\">\n\t\t\t\t\t\t\t\t\t\t\t\t\t\t\t\t\t\t\t\t\t\t<span class=\"elementor-button-text\">Inviare<\/span>\n\t\t\t\t\t\t\t\t\t\t\t\t\t<\/span>\n\t\t\t\t\t<\/button>\n\t\t\t\t<\/div>\n\t\t\t<\/div>\n\t\t<input type=\"hidden\" name=\"trp-form-language\" value=\"it\"\/><\/form>\n\t\t\t\t\t\t<\/div>\n\t\t\t\t<\/div>\n\t\t\t\t\t<\/div>\n\t\t\t\t<\/div>\n\t\t<div class=\"elementor-element elementor-element-11f4a87 e-flex e-con-boxed e-con e-parent\" data-id=\"11f4a87\" data-element_type=\"container\">\n\t\t\t\t\t<div class=\"e-con-inner\">\n\t\t\t\t<div class=\"elementor-element elementor-element-927d71b elementor-widget elementor-widget-google_maps\" data-id=\"927d71b\" data-element_type=\"widget\" data-widget_type=\"google_maps.default\">\n\t\t\t\t\t\t\t<div class=\"elementor-custom-embed\">\n\t\t\t<iframe loading=\"lazy\"\n\t\t\t\t\tsrc=\"https:\/\/maps.google.com\/maps?q=Torra%20di%20L%27alba%2C%20Viggianello&#038;t=m&#038;z=13&#038;output=embed&#038;iwloc=near\"\n\t\t\t\t\ttitle=\"Torra di L&#039;alba, Viggianello\"\n\t\t\t\t\taria-label=\"Torra di L&#039;alba, Viggianello\"\n\t\t\t><\/iframe>\n\t\t<\/div>\n\t\t\t\t\t\t<\/div>\n\t\t\t\t\t<\/div>\n\t\t\t\t<\/div>\n\t\t\t\t<\/div>","protected":false},"excerpt":{"rendered":"<p>Pianifica il tuo soggiorno in Corsica Contattaci per prenotare la tua vacanza da sogno Una domanda, una richiesta, una prenotazione? La Torra di l'Alba vi accoglie tutto l'anno nel cuore del villaggio di Viggianello, nella Corse-du-Sud. Per informazioni, disponibilit\u00e0 o per effettuare una prenotazione, non esitate a scriverci. Vi risponderemo al pi\u00f9 presto.<\/p>","protected":false},"author":1,"featured_media":0,"parent":0,"menu_order":0,"comment_status":"closed","ping_status":"closed","template":"","meta":{"footnotes":""},"class_list":["post-3299","page","type-page","status-publish","hentry"],"yoast_head":"<!-- This site is optimized with the Yoast SEO plugin v25.4 - https:\/\/yoast.com\/wordpress\/plugins\/seo\/ -->\n<title>Contact - Torra di l&#039;Alba<\/title>\n<meta name=\"robots\" content=\"index, follow, max-snippet:-1, max-image-preview:large, max-video-preview:-1\" \/>\n<link rel=\"canonical\" href=\"https:\/\/www.torradilalba.com\/it\/contact\/\" \/>\n<meta property=\"og:locale\" content=\"it_IT\" \/>\n<meta property=\"og:type\" content=\"article\" \/>\n<meta property=\"og:title\" content=\"Contact - Torra di l&#039;Alba\" \/>\n<meta property=\"og:description\" content=\"Pr\u00e9parez votre s\u00e9jour en Corse Contactez-nous pour r\u00e9server vos vacances de r\u00eave Une question, une demande, une r\u00e9servation ? La Torra di l\u2019Alba vous accueille toute l\u2019ann\u00e9e au c\u0153ur du village de Viggianello, en Corse-du-Sud. Pour toute demande d&rsquo;information, de disponibilit\u00e9 ou de r\u00e9servation, n\u2019h\u00e9sitez pas \u00e0 nous \u00e9crire. Nous vous r\u00e9pondrons dans les plus [&hellip;]\" \/>\n<meta property=\"og:url\" content=\"https:\/\/www.torradilalba.com\/it\/contact\/\" \/>\n<meta property=\"og:site_name\" content=\"Torra di l&#039;Alba\" \/>\n<meta property=\"article:modified_time\" content=\"2025-09-04T05:22:22+00:00\" \/>\n<meta name=\"twitter:card\" content=\"summary_large_image\" \/>\n<meta name=\"twitter:label1\" content=\"Tempo di lettura stimato\" \/>\n\t<meta name=\"twitter:data1\" content=\"1 minuto\" \/>\n<script type=\"application\/ld+json\" class=\"yoast-schema-graph\">{\"@context\":\"https:\/\/schema.org\",\"@graph\":[{\"@type\":\"WebPage\",\"@id\":\"https:\/\/www.torradilalba.com\/contact\/\",\"url\":\"https:\/\/www.torradilalba.com\/contact\/\",\"name\":\"Contact - Torra di l&#039;Alba\",\"isPartOf\":{\"@id\":\"https:\/\/www.torradilalba.com\/#website\"},\"datePublished\":\"2025-09-02T11:23:33+00:00\",\"dateModified\":\"2025-09-04T05:22:22+00:00\",\"breadcrumb\":{\"@id\":\"https:\/\/www.torradilalba.com\/contact\/#breadcrumb\"},\"inLanguage\":\"it-IT\",\"potentialAction\":[{\"@type\":\"ReadAction\",\"target\":[\"https:\/\/www.torradilalba.com\/contact\/\"]}]},{\"@type\":\"BreadcrumbList\",\"@id\":\"https:\/\/www.torradilalba.com\/contact\/#breadcrumb\",\"itemListElement\":[{\"@type\":\"ListItem\",\"position\":1,\"name\":\"Accueil\",\"item\":\"https:\/\/www.torradilalba.com\/\"},{\"@type\":\"ListItem\",\"position\":2,\"name\":\"Contact\"}]},{\"@type\":\"WebSite\",\"@id\":\"https:\/\/www.torradilalba.com\/#website\",\"url\":\"https:\/\/www.torradilalba.com\/\",\"name\":\"Torra di l&#039;Alba\",\"description\":\"Maison \u00e0 louer \u00e0 Viggianello, Corse\",\"publisher\":{\"@id\":\"https:\/\/www.torradilalba.com\/#organization\"},\"potentialAction\":[{\"@type\":\"SearchAction\",\"target\":{\"@type\":\"EntryPoint\",\"urlTemplate\":\"https:\/\/www.torradilalba.com\/?s={search_term_string}\"},\"query-input\":{\"@type\":\"PropertyValueSpecification\",\"valueRequired\":true,\"valueName\":\"search_term_string\"}}],\"inLanguage\":\"it-IT\"},{\"@type\":\"Organization\",\"@id\":\"https:\/\/www.torradilalba.com\/#organization\",\"name\":\"Torra di l&#039;Alba\",\"url\":\"https:\/\/www.torradilalba.com\/\",\"logo\":{\"@type\":\"ImageObject\",\"inLanguage\":\"it-IT\",\"@id\":\"https:\/\/www.torradilalba.com\/#\/schema\/logo\/image\/\",\"url\":\"https:\/\/www.torradilalba.com\/wp-content\/uploads\/2025\/07\/cropped-Torra-di-lAlba.png\",\"contentUrl\":\"https:\/\/www.torradilalba.com\/wp-content\/uploads\/2025\/07\/cropped-Torra-di-lAlba.png\",\"width\":599,\"height\":324,\"caption\":\"Torra di l&#039;Alba\"},\"image\":{\"@id\":\"https:\/\/www.torradilalba.com\/#\/schema\/logo\/image\/\"}}]}<\/script>\n<!-- \/ Yoast SEO plugin. -->","yoast_head_json":{"title":"Contatto - Torra di l&#039;Alba","robots":{"index":"index","follow":"follow","max-snippet":"max-snippet:-1","max-image-preview":"max-image-preview:large","max-video-preview":"max-video-preview:-1"},"canonical":"https:\/\/www.torradilalba.com\/it\/contact\/","og_locale":"it_IT","og_type":"article","og_title":"Contact - Torra di l&#039;Alba","og_description":"Pr\u00e9parez votre s\u00e9jour en Corse Contactez-nous pour r\u00e9server vos vacances de r\u00eave Une question, une demande, une r\u00e9servation ? La Torra di l\u2019Alba vous accueille toute l\u2019ann\u00e9e au c\u0153ur du village de Viggianello, en Corse-du-Sud. Pour toute demande d&rsquo;information, de disponibilit\u00e9 ou de r\u00e9servation, n\u2019h\u00e9sitez pas \u00e0 nous \u00e9crire. Nous vous r\u00e9pondrons dans les plus [&hellip;]","og_url":"https:\/\/www.torradilalba.com\/it\/contact\/","og_site_name":"Torra di l&#039;Alba","article_modified_time":"2025-09-04T05:22:22+00:00","twitter_card":"summary_large_image","twitter_misc":{"Tempo di lettura stimato":"1 minuto"},"schema":{"@context":"https:\/\/schema.org","@graph":[{"@type":"WebPage","@id":"https:\/\/www.torradilalba.com\/contact\/","url":"https:\/\/www.torradilalba.com\/contact\/","name":"Contatto - Torra di l&#039;Alba","isPartOf":{"@id":"https:\/\/www.torradilalba.com\/#website"},"datePublished":"2025-09-02T11:23:33+00:00","dateModified":"2025-09-04T05:22:22+00:00","breadcrumb":{"@id":"https:\/\/www.torradilalba.com\/contact\/#breadcrumb"},"inLanguage":"it-IT","potentialAction":[{"@type":"ReadAction","target":["https:\/\/www.torradilalba.com\/contact\/"]}]},{"@type":"BreadcrumbList","@id":"https:\/\/www.torradilalba.com\/contact\/#breadcrumb","itemListElement":[{"@type":"ListItem","position":1,"name":"Accueil","item":"https:\/\/www.torradilalba.com\/"},{"@type":"ListItem","position":2,"name":"Contact"}]},{"@type":"WebSite","@id":"https:\/\/www.torradilalba.com\/#website","url":"https:\/\/www.torradilalba.com\/","name":"Torra di l&#039;Alba","description":"Casa in affitto a Viggianello, Corsica","publisher":{"@id":"https:\/\/www.torradilalba.com\/#organization"},"potentialAction":[{"@type":"SearchAction","target":{"@type":"EntryPoint","urlTemplate":"https:\/\/www.torradilalba.com\/?s={search_term_string}"},"query-input":{"@type":"PropertyValueSpecification","valueRequired":true,"valueName":"search_term_string"}}],"inLanguage":"it-IT"},{"@type":"Organization","@id":"https:\/\/www.torradilalba.com\/#organization","name":"Torra di l&#039;Alba","url":"https:\/\/www.torradilalba.com\/","logo":{"@type":"ImageObject","inLanguage":"it-IT","@id":"https:\/\/www.torradilalba.com\/#\/schema\/logo\/image\/","url":"https:\/\/www.torradilalba.com\/wp-content\/uploads\/2025\/07\/cropped-Torra-di-lAlba.png","contentUrl":"https:\/\/www.torradilalba.com\/wp-content\/uploads\/2025\/07\/cropped-Torra-di-lAlba.png","width":599,"height":324,"caption":"Torra di l&#039;Alba"},"image":{"@id":"https:\/\/www.torradilalba.com\/#\/schema\/logo\/image\/"}}]}},"_links":{"self":[{"href":"https:\/\/www.torradilalba.com\/it\/wp-json\/wp\/v2\/pages\/3299","targetHints":{"allow":["GET"]}}],"collection":[{"href":"https:\/\/www.torradilalba.com\/it\/wp-json\/wp\/v2\/pages"}],"about":[{"href":"https:\/\/www.torradilalba.com\/it\/wp-json\/wp\/v2\/types\/page"}],"author":[{"embeddable":true,"href":"https:\/\/www.torradilalba.com\/it\/wp-json\/wp\/v2\/users\/1"}],"replies":[{"embeddable":true,"href":"https:\/\/www.torradilalba.com\/it\/wp-json\/wp\/v2\/comments?post=3299"}],"version-history":[{"count":0,"href":"https:\/\/www.torradilalba.com\/it\/wp-json\/wp\/v2\/pages\/3299\/revisions"}],"wp:attachment":[{"href":"https:\/\/www.torradilalba.com\/it\/wp-json\/wp\/v2\/media?parent=3299"}],"curies":[{"name":"wp","href":"https:\/\/api.w.org\/{rel}","templated":true}]}}