{"id":3249,"date":"2025-07-17T09:34:36","date_gmt":"2025-07-17T07:34:36","guid":{"rendered":"https:\/\/www.torradilalba.com\/?page_id=3249"},"modified":"2025-07-17T09:40:32","modified_gmt":"2025-07-17T07:40:32","slug":"mentions-legales","status":"publish","type":"page","link":"https:\/\/www.torradilalba.com\/it\/mentions-legales\/","title":{"rendered":"Informazioni legali"},"content":{"rendered":"<h3 class=\"wp-block-heading\">Editore del sito<\/h3>\n\n\n\n<p>Questo sito \u00e8 pubblicato da :<br><strong>LEONETTI No\u00e9mie<\/strong><br>Impresa individuale<br>NUMERO DELLA SIRENA: 911 237 063<br>SIRET (sede centrale): 911 237 063 00019<br>Partita IVA intracomunitaria: FR68911237063<br>Registrazione RCS: INSCRIT presso il registro di Ajaccio il 07\/02\/2025<br>Registrato presso il RNE: INSCRIT, il 01\/04\/2022<br>Numero RCS: 911 237 063 R.C.S. Ajaccio<\/p>\n\n\n\n<h3 class=\"wp-block-heading\">Hosting del sito web<\/h3>\n\n\n\n<p>Il sito \u00e8 ospitato da :<br><strong>Influenza<\/strong><br>Route de la Corniche, 20110 PROPRIANO<br>Email : contact@influenci.com<\/p>\n\n\n\n<h3 class=\"wp-block-heading\">Progettazione e sviluppo<\/h3>\n\n\n\n<p>Il sito \u00e8 stato progettato e sviluppato da :<br><strong>Influenza<\/strong><br>Agenzia di comunicazione digitale<\/p>\n\n\n\n<h3 class=\"wp-block-heading\">Propriet\u00e0 intellettuale<\/h3>\n\n\n\n<p>Tutti i contenuti di questo sito (testi, immagini, video, grafica, loghi, ecc.) sono protetti dalla legge sulla propriet\u00e0 intellettuale.<\/p>\n\n\n\n<p>Alcuni contenuti, in particolare fotografie, video e immagini, sono di propriet\u00e0 esclusiva di <strong>No\u00e9mie Leonetti<\/strong>. Anche altri elementi possono essere di propriet\u00e0 dei rispettivi autori, in particolare <strong>l'agenzia Influenci<\/strong> e <strong>L\u00e9a Dumont<\/strong>.<\/p>\n\n\n\n<p>La riproduzione, la rappresentazione, l'adattamento o l'utilizzo, totale o parziale, di questi contenuti, con qualsiasi mezzo, senza la previa autorizzazione scritta dei titolari dei diritti d'autore, \u00e8 severamente vietata e costituisce una violazione del diritto d'autore che pu\u00f2 comportare la responsabilit\u00e0 civile e penale del suo autore.<\/p>\n\n\n\n<h3 class=\"wp-block-heading\">Dati personali<\/h3>\n\n\n\n<p>In conformit\u00e0 al Regolamento generale sulla protezione dei dati (GDPR), gli utenti hanno il diritto di accedere, rettificare, opporsi e cancellare i propri dati personali. Tali diritti possono essere esercitati inviando un'e-mail all'indirizzo di contatto sopra indicato.<\/p>\n\n\n\n<p>Nessun dato personale viene trasmesso a terzi. Il sito pu\u00f2 utilizzare i cookie per scopi operativi o di misurazione dell'audience.<\/p>","protected":false},"excerpt":{"rendered":"<p>Editore del sito Questo sito \u00e8 pubblicato da:LEONETTI No\u00e9miePropriet\u00e0 individualeSIREN : 911 237 063SIRET (sede) : 911 237 063 00019Numero di partita IVA intracomunitaria : FR68911237063Registrazione nel RCS : INSCRIT au greffe d'Ajaccio, le 07\/02\/2025Registrazione nel RNE : INSCRIT, le 01\/04\/2022Numero RCS : 911 237 063 R.C.S. Ajaccio Hosting del sito Il sito \u00e8 [...]<\/p>","protected":false},"author":1,"featured_media":0,"parent":0,"menu_order":0,"comment_status":"closed","ping_status":"closed","template":"","meta":{"footnotes":""},"class_list":["post-3249","page","type-page","status-publish","hentry"],"yoast_head":"<!-- This site is optimized with the Yoast SEO plugin v25.4 - https:\/\/yoast.com\/wordpress\/plugins\/seo\/ -->\n<title>Mentions l\u00e9gales - Torra di l&#039;Alba<\/title>\n<meta name=\"robots\" content=\"index, follow, max-snippet:-1, max-image-preview:large, max-video-preview:-1\" \/>\n<link rel=\"canonical\" href=\"https:\/\/www.torradilalba.com\/it\/mentions-legales\/\" \/>\n<meta property=\"og:locale\" content=\"it_IT\" \/>\n<meta property=\"og:type\" content=\"article\" \/>\n<meta property=\"og:title\" content=\"Mentions l\u00e9gales - Torra di l&#039;Alba\" \/>\n<meta property=\"og:description\" content=\"\u00c9diteur du site Le pr\u00e9sent site est \u00e9dit\u00e9 par :LEONETTI No\u00e9mieEntreprise individuelleSIREN : 911 237 063SIRET (si\u00e8ge) : 911 237 063 00019Num\u00e9ro de TVA intracommunautaire : FR68911237063Inscription au RCS : INSCRIT au greffe d\u2019Ajaccio, le 07\/02\/2025Inscription au RNE : INSCRIT, le 01\/04\/2022Num\u00e9ro RCS : 911 237 063 R.C.S. Ajaccio H\u00e9bergement du site Le site est [&hellip;]\" \/>\n<meta property=\"og:url\" content=\"https:\/\/www.torradilalba.com\/it\/mentions-legales\/\" \/>\n<meta property=\"og:site_name\" content=\"Torra di l&#039;Alba\" \/>\n<meta property=\"article:modified_time\" content=\"2025-07-17T07:40:32+00:00\" \/>\n<meta name=\"twitter:card\" content=\"summary_large_image\" \/>\n<meta name=\"twitter:label1\" content=\"Tempo di lettura stimato\" \/>\n\t<meta name=\"twitter:data1\" content=\"2 minuti\" \/>\n<script type=\"application\/ld+json\" class=\"yoast-schema-graph\">{\"@context\":\"https:\/\/schema.org\",\"@graph\":[{\"@type\":\"WebPage\",\"@id\":\"https:\/\/www.torradilalba.com\/mentions-legales\/\",\"url\":\"https:\/\/www.torradilalba.com\/mentions-legales\/\",\"name\":\"Mentions l\u00e9gales - Torra di l&#039;Alba\",\"isPartOf\":{\"@id\":\"https:\/\/www.torradilalba.com\/#website\"},\"datePublished\":\"2025-07-17T07:34:36+00:00\",\"dateModified\":\"2025-07-17T07:40:32+00:00\",\"breadcrumb\":{\"@id\":\"https:\/\/www.torradilalba.com\/mentions-legales\/#breadcrumb\"},\"inLanguage\":\"it-IT\",\"potentialAction\":[{\"@type\":\"ReadAction\",\"target\":[\"https:\/\/www.torradilalba.com\/mentions-legales\/\"]}]},{\"@type\":\"BreadcrumbList\",\"@id\":\"https:\/\/www.torradilalba.com\/mentions-legales\/#breadcrumb\",\"itemListElement\":[{\"@type\":\"ListItem\",\"position\":1,\"name\":\"Accueil\",\"item\":\"https:\/\/www.torradilalba.com\/\"},{\"@type\":\"ListItem\",\"position\":2,\"name\":\"Mentions l\u00e9gales\"}]},{\"@type\":\"WebSite\",\"@id\":\"https:\/\/www.torradilalba.com\/#website\",\"url\":\"https:\/\/www.torradilalba.com\/\",\"name\":\"Torra di l&#039;Alba\",\"description\":\"Maison \u00e0 louer \u00e0 Viggianello, Corse\",\"publisher\":{\"@id\":\"https:\/\/www.torradilalba.com\/#organization\"},\"potentialAction\":[{\"@type\":\"SearchAction\",\"target\":{\"@type\":\"EntryPoint\",\"urlTemplate\":\"https:\/\/www.torradilalba.com\/?s={search_term_string}\"},\"query-input\":{\"@type\":\"PropertyValueSpecification\",\"valueRequired\":true,\"valueName\":\"search_term_string\"}}],\"inLanguage\":\"it-IT\"},{\"@type\":\"Organization\",\"@id\":\"https:\/\/www.torradilalba.com\/#organization\",\"name\":\"Torra di l&#039;Alba\",\"url\":\"https:\/\/www.torradilalba.com\/\",\"logo\":{\"@type\":\"ImageObject\",\"inLanguage\":\"it-IT\",\"@id\":\"https:\/\/www.torradilalba.com\/#\/schema\/logo\/image\/\",\"url\":\"https:\/\/www.torradilalba.com\/wp-content\/uploads\/2025\/07\/cropped-Torra-di-lAlba.png\",\"contentUrl\":\"https:\/\/www.torradilalba.com\/wp-content\/uploads\/2025\/07\/cropped-Torra-di-lAlba.png\",\"width\":599,\"height\":324,\"caption\":\"Torra di l&#039;Alba\"},\"image\":{\"@id\":\"https:\/\/www.torradilalba.com\/#\/schema\/logo\/image\/\"}}]}<\/script>\n<!-- \/ Yoast SEO plugin. -->","yoast_head_json":{"title":"Informazioni legali - Torra di l&#039;Alba","robots":{"index":"index","follow":"follow","max-snippet":"max-snippet:-1","max-image-preview":"max-image-preview:large","max-video-preview":"max-video-preview:-1"},"canonical":"https:\/\/www.torradilalba.com\/it\/mentions-legales\/","og_locale":"it_IT","og_type":"article","og_title":"Mentions l\u00e9gales - Torra di l&#039;Alba","og_description":"\u00c9diteur du site Le pr\u00e9sent site est \u00e9dit\u00e9 par :LEONETTI No\u00e9mieEntreprise individuelleSIREN : 911 237 063SIRET (si\u00e8ge) : 911 237 063 00019Num\u00e9ro de TVA intracommunautaire : FR68911237063Inscription au RCS : INSCRIT au greffe d\u2019Ajaccio, le 07\/02\/2025Inscription au RNE : INSCRIT, le 01\/04\/2022Num\u00e9ro RCS : 911 237 063 R.C.S. Ajaccio H\u00e9bergement du site Le site est [&hellip;]","og_url":"https:\/\/www.torradilalba.com\/it\/mentions-legales\/","og_site_name":"Torra di l&#039;Alba","article_modified_time":"2025-07-17T07:40:32+00:00","twitter_card":"summary_large_image","twitter_misc":{"Tempo di lettura stimato":"2 minuti"},"schema":{"@context":"https:\/\/schema.org","@graph":[{"@type":"WebPage","@id":"https:\/\/www.torradilalba.com\/mentions-legales\/","url":"https:\/\/www.torradilalba.com\/mentions-legales\/","name":"Informazioni legali - Torra di l&#039;Alba","isPartOf":{"@id":"https:\/\/www.torradilalba.com\/#website"},"datePublished":"2025-07-17T07:34:36+00:00","dateModified":"2025-07-17T07:40:32+00:00","breadcrumb":{"@id":"https:\/\/www.torradilalba.com\/mentions-legales\/#breadcrumb"},"inLanguage":"it-IT","potentialAction":[{"@type":"ReadAction","target":["https:\/\/www.torradilalba.com\/mentions-legales\/"]}]},{"@type":"BreadcrumbList","@id":"https:\/\/www.torradilalba.com\/mentions-legales\/#breadcrumb","itemListElement":[{"@type":"ListItem","position":1,"name":"Accueil","item":"https:\/\/www.torradilalba.com\/"},{"@type":"ListItem","position":2,"name":"Mentions l\u00e9gales"}]},{"@type":"WebSite","@id":"https:\/\/www.torradilalba.com\/#website","url":"https:\/\/www.torradilalba.com\/","name":"Torra di l&#039;Alba","description":"Casa in affitto a Viggianello, Corsica","publisher":{"@id":"https:\/\/www.torradilalba.com\/#organization"},"potentialAction":[{"@type":"SearchAction","target":{"@type":"EntryPoint","urlTemplate":"https:\/\/www.torradilalba.com\/?s={search_term_string}"},"query-input":{"@type":"PropertyValueSpecification","valueRequired":true,"valueName":"search_term_string"}}],"inLanguage":"it-IT"},{"@type":"Organization","@id":"https:\/\/www.torradilalba.com\/#organization","name":"Torra di l&#039;Alba","url":"https:\/\/www.torradilalba.com\/","logo":{"@type":"ImageObject","inLanguage":"it-IT","@id":"https:\/\/www.torradilalba.com\/#\/schema\/logo\/image\/","url":"https:\/\/www.torradilalba.com\/wp-content\/uploads\/2025\/07\/cropped-Torra-di-lAlba.png","contentUrl":"https:\/\/www.torradilalba.com\/wp-content\/uploads\/2025\/07\/cropped-Torra-di-lAlba.png","width":599,"height":324,"caption":"Torra di l&#039;Alba"},"image":{"@id":"https:\/\/www.torradilalba.com\/#\/schema\/logo\/image\/"}}]}},"_links":{"self":[{"href":"https:\/\/www.torradilalba.com\/it\/wp-json\/wp\/v2\/pages\/3249","targetHints":{"allow":["GET"]}}],"collection":[{"href":"https:\/\/www.torradilalba.com\/it\/wp-json\/wp\/v2\/pages"}],"about":[{"href":"https:\/\/www.torradilalba.com\/it\/wp-json\/wp\/v2\/types\/page"}],"author":[{"embeddable":true,"href":"https:\/\/www.torradilalba.com\/it\/wp-json\/wp\/v2\/users\/1"}],"replies":[{"embeddable":true,"href":"https:\/\/www.torradilalba.com\/it\/wp-json\/wp\/v2\/comments?post=3249"}],"version-history":[{"count":0,"href":"https:\/\/www.torradilalba.com\/it\/wp-json\/wp\/v2\/pages\/3249\/revisions"}],"wp:attachment":[{"href":"https:\/\/www.torradilalba.com\/it\/wp-json\/wp\/v2\/media?parent=3249"}],"curies":[{"name":"wp","href":"https:\/\/api.w.org\/{rel}","templated":true}]}}