{"id":3228,"date":"2025-07-17T09:07:13","date_gmt":"2025-07-17T07:07:13","guid":{"rendered":"https:\/\/www.torradilalba.com\/?page_id=3228"},"modified":"2025-07-17T09:07:14","modified_gmt":"2025-07-17T07:07:14","slug":"conditions-generales-de-vente","status":"publish","type":"page","link":"https:\/\/www.torradilalba.com\/it\/conditions-generales-de-vente\/","title":{"rendered":"Termini e condizioni di vendita"},"content":{"rendered":"<h3 class=\"wp-block-heading\">1. Oggetto<\/h3>\n\n\n\n<p>Le presenti Condizioni Generali di Vendita regolano i termini e le condizioni di prenotazione, occupazione e annullamento dei soggiorni presso il <strong>Torra di l'Alba<\/strong>Questa casa in affitto si trova a Viggianello (Corsica).<\/p>\n\n\n\n<h3 class=\"wp-block-heading\">2. Prenotazioni<\/h3>\n\n\n\n<p>Qualsiasi richiesta di prenotazione effettuata tramite il sito web o con qualsiasi altro mezzo non costituisce una conferma automatica. Il proprietario si riserva il diritto di accettare o rifiutare qualsiasi richiesta, senza doverne giustificare i motivi.<\/p>\n\n\n\n<h3 class=\"wp-block-heading\">3. Capacit\u00e0 e utilizzo<\/h3>\n\n\n\n<p>La casa \u00e8 riservata all'uso privato e familiare. Qualsiasi subaffitto, organizzazione di eventi o uso commerciale \u00e8 severamente vietato senza il previo accordo del proprietario.<\/p>\n\n\n\n<h3 class=\"wp-block-heading\">4. L'accessibilit\u00e0<\/h3>\n\n\n\n<p>A causa della disposizione del sito, con diverse scale distribuite su diversi livelli, <strong>Purtroppo la casa non \u00e8 adatta a persone con mobilit\u00e0 ridotta.<\/strong>. \u00c8 responsabilit\u00e0 dell'inquilino garantire che le condizioni di accesso siano adatte a tutti gli occupanti.<\/p>\n\n\n\n<h3 class=\"wp-block-heading\">5. Modifica o annullamento di una vacanza<\/h3>\n\n\n\n<p>Il proprietario si riserva il diritto di interrompere una locazione in corso o di cancellare un soggiorno confermato in caso di :<\/p>\n\n\n\n<ul class=\"wp-block-list\">\n<li>il mancato rispetto delle regole della casa o del numero di persone ammesse,<\/li>\n\n\n\n<li>comportamenti che pregiudicano il regolare svolgimento della vacanza o il vicinato,<\/li>\n\n\n\n<li>forza maggiore o impossibilit\u00e0 fisica di fornire un'accoglienza in buone condizioni.<\/li>\n<\/ul>\n\n\n\n<p>In questi casi, a discrezione del proprietario, pu\u00f2 essere offerto un rimborso parziale o totale, senza alcun compenso aggiuntivo.<\/p>\n\n\n\n<h3 class=\"wp-block-heading\">6. Deposito cauzionale e inventario degli arredi<\/h3>\n\n\n\n<p>Prima del trasloco pu\u00f2 essere richiesto un deposito cauzionale. All'arrivo e alla partenza potr\u00e0 essere redatto un inventario degli arredi. Eventuali danni riscontrati possono comportare la detrazione parziale o totale del deposito.<\/p>\n\n\n\n<h3 class=\"wp-block-heading\">7. Responsabilit\u00e0<\/h3>\n\n\n\n<p>Il proprietario declina ogni responsabilit\u00e0 in caso di furto, perdita o danneggiamento degli oggetti degli inquilini, cos\u00ec come in caso di incidenti che si verifichino nella casa o nei suoi dintorni, salvo in caso di comprovata colpa da parte sua.<\/p>\n\n\n\n<h3 class=\"wp-block-heading\">8. Legge applicabile<\/h3>\n\n\n\n<p>Le presenti CGV sono regolate dalla legge francese. In caso di controversia, sar\u00e0 preferito un tentativo di risoluzione amichevole. In caso contrario, il tribunale competente sar\u00e0 quello del luogo in cui si trova l'immobile.<\/p>","protected":false},"excerpt":{"rendered":"<p>1. Oggetto Le presenti Condizioni Generali di Vendita disciplinano le modalit\u00e0 di prenotazione, occupazione e cancellazione dei soggiorni presso Torra di l'Alba, casa in affitto situata a Viggianello (Corsica). 2. Prenotazioni Qualsiasi richiesta di prenotazione effettuata tramite il sito web o con qualsiasi altro mezzo non costituisce una conferma automatica. Il proprietario [...]<\/p>","protected":false},"author":1,"featured_media":0,"parent":0,"menu_order":0,"comment_status":"closed","ping_status":"closed","template":"","meta":{"footnotes":""},"class_list":["post-3228","page","type-page","status-publish","hentry"],"yoast_head":"<!-- This site is optimized with the Yoast SEO plugin v25.4 - https:\/\/yoast.com\/wordpress\/plugins\/seo\/ -->\n<title>Conditions g\u00e9n\u00e9rales de vente - Torra di l&#039;Alba<\/title>\n<meta name=\"robots\" content=\"index, follow, max-snippet:-1, max-image-preview:large, max-video-preview:-1\" \/>\n<link rel=\"canonical\" href=\"https:\/\/www.torradilalba.com\/it\/conditions-generales-de-vente\/\" \/>\n<meta property=\"og:locale\" content=\"it_IT\" \/>\n<meta property=\"og:type\" content=\"article\" \/>\n<meta property=\"og:title\" content=\"Conditions g\u00e9n\u00e9rales de vente - Torra di l&#039;Alba\" \/>\n<meta property=\"og:description\" content=\"1. Objet Les pr\u00e9sentes Conditions G\u00e9n\u00e9rales de Vente r\u00e9gissent les modalit\u00e9s de r\u00e9servation, d\u2019occupation et d\u2019annulation des s\u00e9jours \u00e0 la Torra di l\u2019Alba, maison de location situ\u00e9e \u00e0 Viggianello (Corse). 2. R\u00e9servations Toute demande de r\u00e9servation effectu\u00e9e via le site web ou par tout autre moyen ne constitue pas une confirmation automatique. Le propri\u00e9taire se [&hellip;]\" \/>\n<meta property=\"og:url\" content=\"https:\/\/www.torradilalba.com\/it\/conditions-generales-de-vente\/\" \/>\n<meta property=\"og:site_name\" content=\"Torra di l&#039;Alba\" \/>\n<meta property=\"article:modified_time\" content=\"2025-07-17T07:07:14+00:00\" \/>\n<meta name=\"twitter:card\" content=\"summary_large_image\" \/>\n<meta name=\"twitter:label1\" content=\"Tempo di lettura stimato\" \/>\n\t<meta name=\"twitter:data1\" content=\"2 minuti\" \/>\n<script type=\"application\/ld+json\" class=\"yoast-schema-graph\">{\"@context\":\"https:\/\/schema.org\",\"@graph\":[{\"@type\":\"WebPage\",\"@id\":\"https:\/\/www.torradilalba.com\/conditions-generales-de-vente\/\",\"url\":\"https:\/\/www.torradilalba.com\/conditions-generales-de-vente\/\",\"name\":\"Conditions g\u00e9n\u00e9rales de vente - Torra di l&#039;Alba\",\"isPartOf\":{\"@id\":\"https:\/\/www.torradilalba.com\/#website\"},\"datePublished\":\"2025-07-17T07:07:13+00:00\",\"dateModified\":\"2025-07-17T07:07:14+00:00\",\"breadcrumb\":{\"@id\":\"https:\/\/www.torradilalba.com\/conditions-generales-de-vente\/#breadcrumb\"},\"inLanguage\":\"it-IT\",\"potentialAction\":[{\"@type\":\"ReadAction\",\"target\":[\"https:\/\/www.torradilalba.com\/conditions-generales-de-vente\/\"]}]},{\"@type\":\"BreadcrumbList\",\"@id\":\"https:\/\/www.torradilalba.com\/conditions-generales-de-vente\/#breadcrumb\",\"itemListElement\":[{\"@type\":\"ListItem\",\"position\":1,\"name\":\"Accueil\",\"item\":\"https:\/\/www.torradilalba.com\/\"},{\"@type\":\"ListItem\",\"position\":2,\"name\":\"Conditions g\u00e9n\u00e9rales de vente\"}]},{\"@type\":\"WebSite\",\"@id\":\"https:\/\/www.torradilalba.com\/#website\",\"url\":\"https:\/\/www.torradilalba.com\/\",\"name\":\"Torra di l&#039;Alba\",\"description\":\"Maison \u00e0 louer \u00e0 Viggianello, Corse\",\"publisher\":{\"@id\":\"https:\/\/www.torradilalba.com\/#organization\"},\"potentialAction\":[{\"@type\":\"SearchAction\",\"target\":{\"@type\":\"EntryPoint\",\"urlTemplate\":\"https:\/\/www.torradilalba.com\/?s={search_term_string}\"},\"query-input\":{\"@type\":\"PropertyValueSpecification\",\"valueRequired\":true,\"valueName\":\"search_term_string\"}}],\"inLanguage\":\"it-IT\"},{\"@type\":\"Organization\",\"@id\":\"https:\/\/www.torradilalba.com\/#organization\",\"name\":\"Torra di l&#039;Alba\",\"url\":\"https:\/\/www.torradilalba.com\/\",\"logo\":{\"@type\":\"ImageObject\",\"inLanguage\":\"it-IT\",\"@id\":\"https:\/\/www.torradilalba.com\/#\/schema\/logo\/image\/\",\"url\":\"https:\/\/www.torradilalba.com\/wp-content\/uploads\/2025\/07\/cropped-Torra-di-lAlba.png\",\"contentUrl\":\"https:\/\/www.torradilalba.com\/wp-content\/uploads\/2025\/07\/cropped-Torra-di-lAlba.png\",\"width\":599,\"height\":324,\"caption\":\"Torra di l&#039;Alba\"},\"image\":{\"@id\":\"https:\/\/www.torradilalba.com\/#\/schema\/logo\/image\/\"}}]}<\/script>\n<!-- \/ Yoast SEO plugin. -->","yoast_head_json":{"title":"Conditions g\u00e9n\u00e9rales de vente - Torra di l&#039;Alba","robots":{"index":"index","follow":"follow","max-snippet":"max-snippet:-1","max-image-preview":"max-image-preview:large","max-video-preview":"max-video-preview:-1"},"canonical":"https:\/\/www.torradilalba.com\/it\/conditions-generales-de-vente\/","og_locale":"it_IT","og_type":"article","og_title":"Conditions g\u00e9n\u00e9rales de vente - Torra di l&#039;Alba","og_description":"1. Objet Les pr\u00e9sentes Conditions G\u00e9n\u00e9rales de Vente r\u00e9gissent les modalit\u00e9s de r\u00e9servation, d\u2019occupation et d\u2019annulation des s\u00e9jours \u00e0 la Torra di l\u2019Alba, maison de location situ\u00e9e \u00e0 Viggianello (Corse). 2. R\u00e9servations Toute demande de r\u00e9servation effectu\u00e9e via le site web ou par tout autre moyen ne constitue pas une confirmation automatique. Le propri\u00e9taire se [&hellip;]","og_url":"https:\/\/www.torradilalba.com\/it\/conditions-generales-de-vente\/","og_site_name":"Torra di l&#039;Alba","article_modified_time":"2025-07-17T07:07:14+00:00","twitter_card":"summary_large_image","twitter_misc":{"Tempo di lettura stimato":"2 minuti"},"schema":{"@context":"https:\/\/schema.org","@graph":[{"@type":"WebPage","@id":"https:\/\/www.torradilalba.com\/conditions-generales-de-vente\/","url":"https:\/\/www.torradilalba.com\/conditions-generales-de-vente\/","name":"Conditions g\u00e9n\u00e9rales de vente - Torra di l&#039;Alba","isPartOf":{"@id":"https:\/\/www.torradilalba.com\/#website"},"datePublished":"2025-07-17T07:07:13+00:00","dateModified":"2025-07-17T07:07:14+00:00","breadcrumb":{"@id":"https:\/\/www.torradilalba.com\/conditions-generales-de-vente\/#breadcrumb"},"inLanguage":"it-IT","potentialAction":[{"@type":"ReadAction","target":["https:\/\/www.torradilalba.com\/conditions-generales-de-vente\/"]}]},{"@type":"BreadcrumbList","@id":"https:\/\/www.torradilalba.com\/conditions-generales-de-vente\/#breadcrumb","itemListElement":[{"@type":"ListItem","position":1,"name":"Accueil","item":"https:\/\/www.torradilalba.com\/"},{"@type":"ListItem","position":2,"name":"Conditions g\u00e9n\u00e9rales de vente"}]},{"@type":"WebSite","@id":"https:\/\/www.torradilalba.com\/#website","url":"https:\/\/www.torradilalba.com\/","name":"Torra di l&#039;Alba","description":"Casa in affitto a Viggianello, Corsica","publisher":{"@id":"https:\/\/www.torradilalba.com\/#organization"},"potentialAction":[{"@type":"SearchAction","target":{"@type":"EntryPoint","urlTemplate":"https:\/\/www.torradilalba.com\/?s={search_term_string}"},"query-input":{"@type":"PropertyValueSpecification","valueRequired":true,"valueName":"search_term_string"}}],"inLanguage":"it-IT"},{"@type":"Organization","@id":"https:\/\/www.torradilalba.com\/#organization","name":"Torra di l&#039;Alba","url":"https:\/\/www.torradilalba.com\/","logo":{"@type":"ImageObject","inLanguage":"it-IT","@id":"https:\/\/www.torradilalba.com\/#\/schema\/logo\/image\/","url":"https:\/\/www.torradilalba.com\/wp-content\/uploads\/2025\/07\/cropped-Torra-di-lAlba.png","contentUrl":"https:\/\/www.torradilalba.com\/wp-content\/uploads\/2025\/07\/cropped-Torra-di-lAlba.png","width":599,"height":324,"caption":"Torra di l&#039;Alba"},"image":{"@id":"https:\/\/www.torradilalba.com\/#\/schema\/logo\/image\/"}}]}},"_links":{"self":[{"href":"https:\/\/www.torradilalba.com\/it\/wp-json\/wp\/v2\/pages\/3228","targetHints":{"allow":["GET"]}}],"collection":[{"href":"https:\/\/www.torradilalba.com\/it\/wp-json\/wp\/v2\/pages"}],"about":[{"href":"https:\/\/www.torradilalba.com\/it\/wp-json\/wp\/v2\/types\/page"}],"author":[{"embeddable":true,"href":"https:\/\/www.torradilalba.com\/it\/wp-json\/wp\/v2\/users\/1"}],"replies":[{"embeddable":true,"href":"https:\/\/www.torradilalba.com\/it\/wp-json\/wp\/v2\/comments?post=3228"}],"version-history":[{"count":0,"href":"https:\/\/www.torradilalba.com\/it\/wp-json\/wp\/v2\/pages\/3228\/revisions"}],"wp:attachment":[{"href":"https:\/\/www.torradilalba.com\/it\/wp-json\/wp\/v2\/media?parent=3228"}],"curies":[{"name":"wp","href":"https:\/\/api.w.org\/{rel}","templated":true}]}}