{"id":3249,"date":"2025-07-17T09:34:36","date_gmt":"2025-07-17T07:34:36","guid":{"rendered":"https:\/\/www.torradilalba.com\/?page_id=3249"},"modified":"2025-07-17T09:40:32","modified_gmt":"2025-07-17T07:40:32","slug":"mentions-legales","status":"publish","type":"page","link":"https:\/\/www.torradilalba.com\/en\/mentions-legales\/","title":{"rendered":"Legal information"},"content":{"rendered":"<h3 class=\"wp-block-heading\">Site publisher<\/h3>\n\n\n\n<p>This website is published by :<br><strong>LEONETTI No\u00e9mie<\/strong><br>Sole proprietorship<br>SIREN NUMBER: 911 237 063<br>SIRET (head office): 911 237 063 00019<br>Intracommunity VAT number: FR68911237063<br>RCS registration: INSCRIT at the Ajaccio registry on 07\/02\/2025<br>RNE registration: INSCRIT, 01\/04\/2022<br>RCS number: 911 237 063 R.C.S. Ajaccio<\/p>\n\n\n\n<h3 class=\"wp-block-heading\">Website hosting<\/h3>\n\n\n\n<p>The site is hosted by :<br><strong>Influenci<\/strong><br>Route de la Corniche, 20110 PROPRIANO<br>Email : contact@influenci.com<\/p>\n\n\n\n<h3 class=\"wp-block-heading\">Design and development<\/h3>\n\n\n\n<p>The site was designed and developed by :<br><strong>Influenci<\/strong><br>Digital communications agency<\/p>\n\n\n\n<h3 class=\"wp-block-heading\">Intellectual property<\/h3>\n\n\n\n<p>All content on this site (text, images, videos, graphics, logos, etc.) is protected by intellectual property law.<\/p>\n\n\n\n<p>Some of the content, in particular photographs, videos and visuals, is the exclusive property of <strong>No\u00e9mie Leonetti<\/strong>. Other elements may also be the property of their respective authors, in particular <strong>the Influenci agency<\/strong> and <strong>L\u00e9a Dumont<\/strong>.<\/p>\n\n\n\n<p>Any reproduction, representation, adaptation or use, in whole or in part, of this content, by any means whatsoever, without the prior written authorisation of the copyright holders, is strictly prohibited and constitutes an infringement of copyright which may incur the civil and criminal liability of its author.<\/p>\n\n\n\n<h3 class=\"wp-block-heading\">Personal data<\/h3>\n\n\n\n<p>In accordance with the General Data Protection Regulation (GDPR), users have the right to access, rectify, object to and delete their personal data. These rights may be exercised by sending an email to the contact address given above.<\/p>\n\n\n\n<p>No personal data is passed on to third parties. The site may use cookies for operational or audience measurement purposes.<\/p>","protected":false},"excerpt":{"rendered":"<p>Site publisher This site is published by:LEONETTI No\u00e9mieSingle proprietorshipSIREN : 911 237 063SIRET (head office) : 911 237 063 00019Intra-Community VAT number : FR68911237063Registration in the RCS : INSCRIT au greffe d'Ajaccio, le 07\/02\/2025Registration in the RNE : INSCRIT, le 01\/04\/2022Num\u00e9ro RCS : 911 237 063 R.C.S. Ajaccio Site hosting The site is [...]<\/p>","protected":false},"author":1,"featured_media":0,"parent":0,"menu_order":0,"comment_status":"closed","ping_status":"closed","template":"","meta":{"footnotes":""},"class_list":["post-3249","page","type-page","status-publish","hentry"],"yoast_head":"<!-- This site is optimized with the Yoast SEO plugin v25.4 - https:\/\/yoast.com\/wordpress\/plugins\/seo\/ -->\n<title>Mentions l\u00e9gales - Torra di l&#039;Alba<\/title>\n<meta name=\"robots\" content=\"index, follow, max-snippet:-1, max-image-preview:large, max-video-preview:-1\" \/>\n<link rel=\"canonical\" href=\"https:\/\/www.torradilalba.com\/en\/mentions-legales\/\" \/>\n<meta property=\"og:locale\" content=\"en_GB\" \/>\n<meta property=\"og:type\" content=\"article\" \/>\n<meta property=\"og:title\" content=\"Mentions l\u00e9gales - Torra di l&#039;Alba\" \/>\n<meta property=\"og:description\" content=\"\u00c9diteur du site Le pr\u00e9sent site est \u00e9dit\u00e9 par :LEONETTI No\u00e9mieEntreprise individuelleSIREN : 911 237 063SIRET (si\u00e8ge) : 911 237 063 00019Num\u00e9ro de TVA intracommunautaire : FR68911237063Inscription au RCS : INSCRIT au greffe d\u2019Ajaccio, le 07\/02\/2025Inscription au RNE : INSCRIT, le 01\/04\/2022Num\u00e9ro RCS : 911 237 063 R.C.S. Ajaccio H\u00e9bergement du site Le site est [&hellip;]\" \/>\n<meta property=\"og:url\" content=\"https:\/\/www.torradilalba.com\/en\/mentions-legales\/\" \/>\n<meta property=\"og:site_name\" content=\"Torra di l&#039;Alba\" \/>\n<meta property=\"article:modified_time\" content=\"2025-07-17T07:40:32+00:00\" \/>\n<meta name=\"twitter:card\" content=\"summary_large_image\" \/>\n<meta name=\"twitter:label1\" content=\"Estimated reading time\" \/>\n\t<meta name=\"twitter:data1\" content=\"2 minutes\" \/>\n<script type=\"application\/ld+json\" class=\"yoast-schema-graph\">{\"@context\":\"https:\/\/schema.org\",\"@graph\":[{\"@type\":\"WebPage\",\"@id\":\"https:\/\/www.torradilalba.com\/mentions-legales\/\",\"url\":\"https:\/\/www.torradilalba.com\/mentions-legales\/\",\"name\":\"Mentions l\u00e9gales - Torra di l&#039;Alba\",\"isPartOf\":{\"@id\":\"https:\/\/www.torradilalba.com\/#website\"},\"datePublished\":\"2025-07-17T07:34:36+00:00\",\"dateModified\":\"2025-07-17T07:40:32+00:00\",\"breadcrumb\":{\"@id\":\"https:\/\/www.torradilalba.com\/mentions-legales\/#breadcrumb\"},\"inLanguage\":\"en-GB\",\"potentialAction\":[{\"@type\":\"ReadAction\",\"target\":[\"https:\/\/www.torradilalba.com\/mentions-legales\/\"]}]},{\"@type\":\"BreadcrumbList\",\"@id\":\"https:\/\/www.torradilalba.com\/mentions-legales\/#breadcrumb\",\"itemListElement\":[{\"@type\":\"ListItem\",\"position\":1,\"name\":\"Accueil\",\"item\":\"https:\/\/www.torradilalba.com\/\"},{\"@type\":\"ListItem\",\"position\":2,\"name\":\"Mentions l\u00e9gales\"}]},{\"@type\":\"WebSite\",\"@id\":\"https:\/\/www.torradilalba.com\/#website\",\"url\":\"https:\/\/www.torradilalba.com\/\",\"name\":\"Torra di l&#039;Alba\",\"description\":\"Maison \u00e0 louer \u00e0 Viggianello, Corse\",\"publisher\":{\"@id\":\"https:\/\/www.torradilalba.com\/#organization\"},\"potentialAction\":[{\"@type\":\"SearchAction\",\"target\":{\"@type\":\"EntryPoint\",\"urlTemplate\":\"https:\/\/www.torradilalba.com\/?s={search_term_string}\"},\"query-input\":{\"@type\":\"PropertyValueSpecification\",\"valueRequired\":true,\"valueName\":\"search_term_string\"}}],\"inLanguage\":\"en-GB\"},{\"@type\":\"Organization\",\"@id\":\"https:\/\/www.torradilalba.com\/#organization\",\"name\":\"Torra di l&#039;Alba\",\"url\":\"https:\/\/www.torradilalba.com\/\",\"logo\":{\"@type\":\"ImageObject\",\"inLanguage\":\"en-GB\",\"@id\":\"https:\/\/www.torradilalba.com\/#\/schema\/logo\/image\/\",\"url\":\"https:\/\/www.torradilalba.com\/wp-content\/uploads\/2025\/07\/cropped-Torra-di-lAlba.png\",\"contentUrl\":\"https:\/\/www.torradilalba.com\/wp-content\/uploads\/2025\/07\/cropped-Torra-di-lAlba.png\",\"width\":599,\"height\":324,\"caption\":\"Torra di l&#039;Alba\"},\"image\":{\"@id\":\"https:\/\/www.torradilalba.com\/#\/schema\/logo\/image\/\"}}]}<\/script>\n<!-- \/ Yoast SEO plugin. -->","yoast_head_json":{"title":"Legal information - Torra di l&#039;Alba","robots":{"index":"index","follow":"follow","max-snippet":"max-snippet:-1","max-image-preview":"max-image-preview:large","max-video-preview":"max-video-preview:-1"},"canonical":"https:\/\/www.torradilalba.com\/en\/mentions-legales\/","og_locale":"en_GB","og_type":"article","og_title":"Mentions l\u00e9gales - Torra di l&#039;Alba","og_description":"\u00c9diteur du site Le pr\u00e9sent site est \u00e9dit\u00e9 par :LEONETTI No\u00e9mieEntreprise individuelleSIREN : 911 237 063SIRET (si\u00e8ge) : 911 237 063 00019Num\u00e9ro de TVA intracommunautaire : FR68911237063Inscription au RCS : INSCRIT au greffe d\u2019Ajaccio, le 07\/02\/2025Inscription au RNE : INSCRIT, le 01\/04\/2022Num\u00e9ro RCS : 911 237 063 R.C.S. Ajaccio H\u00e9bergement du site Le site est [&hellip;]","og_url":"https:\/\/www.torradilalba.com\/en\/mentions-legales\/","og_site_name":"Torra di l&#039;Alba","article_modified_time":"2025-07-17T07:40:32+00:00","twitter_card":"summary_large_image","twitter_misc":{"Estimated reading time":"2 minutes"},"schema":{"@context":"https:\/\/schema.org","@graph":[{"@type":"WebPage","@id":"https:\/\/www.torradilalba.com\/mentions-legales\/","url":"https:\/\/www.torradilalba.com\/mentions-legales\/","name":"Legal information - Torra di l&#039;Alba","isPartOf":{"@id":"https:\/\/www.torradilalba.com\/#website"},"datePublished":"2025-07-17T07:34:36+00:00","dateModified":"2025-07-17T07:40:32+00:00","breadcrumb":{"@id":"https:\/\/www.torradilalba.com\/mentions-legales\/#breadcrumb"},"inLanguage":"en-GB","potentialAction":[{"@type":"ReadAction","target":["https:\/\/www.torradilalba.com\/mentions-legales\/"]}]},{"@type":"BreadcrumbList","@id":"https:\/\/www.torradilalba.com\/mentions-legales\/#breadcrumb","itemListElement":[{"@type":"ListItem","position":1,"name":"Accueil","item":"https:\/\/www.torradilalba.com\/"},{"@type":"ListItem","position":2,"name":"Mentions l\u00e9gales"}]},{"@type":"WebSite","@id":"https:\/\/www.torradilalba.com\/#website","url":"https:\/\/www.torradilalba.com\/","name":"Torra di l&#039;Alba","description":"House for rent in Viggianello, Corsica","publisher":{"@id":"https:\/\/www.torradilalba.com\/#organization"},"potentialAction":[{"@type":"SearchAction","target":{"@type":"EntryPoint","urlTemplate":"https:\/\/www.torradilalba.com\/?s={search_term_string}"},"query-input":{"@type":"PropertyValueSpecification","valueRequired":true,"valueName":"search_term_string"}}],"inLanguage":"en-GB"},{"@type":"Organization","@id":"https:\/\/www.torradilalba.com\/#organization","name":"Torra di l&#039;Alba","url":"https:\/\/www.torradilalba.com\/","logo":{"@type":"ImageObject","inLanguage":"en-GB","@id":"https:\/\/www.torradilalba.com\/#\/schema\/logo\/image\/","url":"https:\/\/www.torradilalba.com\/wp-content\/uploads\/2025\/07\/cropped-Torra-di-lAlba.png","contentUrl":"https:\/\/www.torradilalba.com\/wp-content\/uploads\/2025\/07\/cropped-Torra-di-lAlba.png","width":599,"height":324,"caption":"Torra di l&#039;Alba"},"image":{"@id":"https:\/\/www.torradilalba.com\/#\/schema\/logo\/image\/"}}]}},"_links":{"self":[{"href":"https:\/\/www.torradilalba.com\/en\/wp-json\/wp\/v2\/pages\/3249","targetHints":{"allow":["GET"]}}],"collection":[{"href":"https:\/\/www.torradilalba.com\/en\/wp-json\/wp\/v2\/pages"}],"about":[{"href":"https:\/\/www.torradilalba.com\/en\/wp-json\/wp\/v2\/types\/page"}],"author":[{"embeddable":true,"href":"https:\/\/www.torradilalba.com\/en\/wp-json\/wp\/v2\/users\/1"}],"replies":[{"embeddable":true,"href":"https:\/\/www.torradilalba.com\/en\/wp-json\/wp\/v2\/comments?post=3249"}],"version-history":[{"count":0,"href":"https:\/\/www.torradilalba.com\/en\/wp-json\/wp\/v2\/pages\/3249\/revisions"}],"wp:attachment":[{"href":"https:\/\/www.torradilalba.com\/en\/wp-json\/wp\/v2\/media?parent=3249"}],"curies":[{"name":"wp","href":"https:\/\/api.w.org\/{rel}","templated":true}]}}