{"id":3249,"date":"2025-07-17T09:34:36","date_gmt":"2025-07-17T07:34:36","guid":{"rendered":"https:\/\/www.torradilalba.com\/?page_id=3249"},"modified":"2025-07-17T09:40:32","modified_gmt":"2025-07-17T07:40:32","slug":"mentions-legales","status":"publish","type":"page","link":"https:\/\/www.torradilalba.com\/de\/mentions-legales\/","title":{"rendered":"Rechtliche Hinweise"},"content":{"rendered":"<h3 class=\"wp-block-heading\">Herausgeber der Seite<\/h3>\n\n\n\n<p>Die vorliegende Website wird herausgegeben von :<br><strong>LEONETTI No\u00e9mie<\/strong><br>Einzelunternehmen<br>SIREN: 911 237 063<br>SIRET (Hauptsitz): 911 237 063 00019<br>Umsatzsteuer-Identifikationsnummer: FR68911237063<br>Eintragung im Handelsregister: INSCRITE au greffe d'Ajaccio, le 07\/02\/2025<br>NER-Eintrag: INSCRIT, am 01\/04\/2022<br>Handelsregisternummer: 911 237 063 R.C.S. Ajaccio<\/p>\n\n\n\n<h3 class=\"wp-block-heading\">Hosting der Seite<\/h3>\n\n\n\n<p>Die Website wird gehostet von :<br><strong>Influenci<\/strong><br>Route de la Corniche, 20110 PROPRIANO<br>E-Mail: contact@influenci.com<\/p>\n\n\n\n<h3 class=\"wp-block-heading\">Design und Entwicklung<\/h3>\n\n\n\n<p>Die Website wurde entworfen und entwickelt von :<br><strong>Influenci<\/strong><br>Agentur f\u00fcr digitale Kommunikation<\/p>\n\n\n\n<h3 class=\"wp-block-heading\">Geistiges Eigentum<\/h3>\n\n\n\n<p>Alle Inhalte auf dieser Website (Texte, Bilder, Videos, grafische Elemente, Logo usw.) sind durch das Recht des geistigen Eigentums gesch\u00fctzt.<\/p>\n\n\n\n<p>Ein Teil der Inhalte, insbesondere Fotografien, Videos und visuelle Darstellungen, sind das ausschlie\u00dfliche Eigentum von <strong>No\u00e9mie Leonetti<\/strong>. Andere Elemente k\u00f6nnen ebenfalls Eigentum ihrer jeweiligen Autoren sein, insbesondere <strong>die Agentur Influenci<\/strong> und <strong>L\u00e9a Dumont<\/strong>.<\/p>\n\n\n\n<p>Jede vollst\u00e4ndige oder teilweise Vervielf\u00e4ltigung, Darstellung, Anpassung oder Nutzung dieser Inhalte durch ein beliebiges Verfahren ohne vorherige schriftliche Genehmigung der Rechteinhaber ist strengstens untersagt und stellt eine F\u00e4lschung dar, f\u00fcr die der Urheber zivil- und strafrechtlich haftbar gemacht werden kann.<\/p>\n\n\n\n<h3 class=\"wp-block-heading\">Pers\u00f6nliche Daten<\/h3>\n\n\n\n<p>Gem\u00e4\u00df der Allgemeinen Datenschutzverordnung (DSGVO) haben die Nutzer das Recht, auf ihre pers\u00f6nlichen Daten zuzugreifen, sie zu berichtigen, zu widersprechen und zu l\u00f6schen. Diese Rechte k\u00f6nnen ausge\u00fcbt werden, indem eine E-Mail an die oben genannte Kontaktadresse gesendet wird.<\/p>\n\n\n\n<p>Es werden keine pers\u00f6nlichen Daten an Dritte weitergegeben. Die Website kann Cookies zu Funktionszwecken oder zur Messung des Publikums verwenden.<\/p>","protected":false},"excerpt":{"rendered":"<p>Herausgeber der Website Die vorliegende Website wird herausgegeben von:LEONETTI No\u00e9mieEntreprise individuelleSIREN: 911 237 063SIRET (Sitz): 911 237 063 00019Umsatzsteuer-Identifikationsnummer: FR68911237063Eintragung im Handelsregister: INSCRIT au greffe d'Ajaccio, le 07\/02\/2025Eintragung im RNE: INSCRIT, le 01\/04\/2022Nummer RCS: 911 237 063 R.C.S. Ajaccio Hosting der Website Die Website ist [...].<\/p>","protected":false},"author":1,"featured_media":0,"parent":0,"menu_order":0,"comment_status":"closed","ping_status":"closed","template":"","meta":{"footnotes":""},"class_list":["post-3249","page","type-page","status-publish","hentry"],"yoast_head":"<!-- This site is optimized with the Yoast SEO plugin v25.4 - https:\/\/yoast.com\/wordpress\/plugins\/seo\/ -->\n<title>Mentions l\u00e9gales - Torra di l&#039;Alba<\/title>\n<meta name=\"robots\" content=\"index, follow, max-snippet:-1, max-image-preview:large, max-video-preview:-1\" \/>\n<link rel=\"canonical\" href=\"https:\/\/www.torradilalba.com\/de\/mentions-legales\/\" \/>\n<meta property=\"og:locale\" content=\"de_DE\" \/>\n<meta property=\"og:type\" content=\"article\" \/>\n<meta property=\"og:title\" content=\"Mentions l\u00e9gales - Torra di l&#039;Alba\" \/>\n<meta property=\"og:description\" content=\"\u00c9diteur du site Le pr\u00e9sent site est \u00e9dit\u00e9 par :LEONETTI No\u00e9mieEntreprise individuelleSIREN : 911 237 063SIRET (si\u00e8ge) : 911 237 063 00019Num\u00e9ro de TVA intracommunautaire : FR68911237063Inscription au RCS : INSCRIT au greffe d\u2019Ajaccio, le 07\/02\/2025Inscription au RNE : INSCRIT, le 01\/04\/2022Num\u00e9ro RCS : 911 237 063 R.C.S. Ajaccio H\u00e9bergement du site Le site est [&hellip;]\" \/>\n<meta property=\"og:url\" content=\"https:\/\/www.torradilalba.com\/de\/mentions-legales\/\" \/>\n<meta property=\"og:site_name\" content=\"Torra di l&#039;Alba\" \/>\n<meta property=\"article:modified_time\" content=\"2025-07-17T07:40:32+00:00\" \/>\n<meta name=\"twitter:card\" content=\"summary_large_image\" \/>\n<meta name=\"twitter:label1\" content=\"Gesch\u00e4tzte Lesezeit\" \/>\n\t<meta name=\"twitter:data1\" content=\"2\u00a0Minuten\" \/>\n<script type=\"application\/ld+json\" class=\"yoast-schema-graph\">{\"@context\":\"https:\/\/schema.org\",\"@graph\":[{\"@type\":\"WebPage\",\"@id\":\"https:\/\/www.torradilalba.com\/mentions-legales\/\",\"url\":\"https:\/\/www.torradilalba.com\/mentions-legales\/\",\"name\":\"Mentions l\u00e9gales - Torra di l&#039;Alba\",\"isPartOf\":{\"@id\":\"https:\/\/www.torradilalba.com\/#website\"},\"datePublished\":\"2025-07-17T07:34:36+00:00\",\"dateModified\":\"2025-07-17T07:40:32+00:00\",\"breadcrumb\":{\"@id\":\"https:\/\/www.torradilalba.com\/mentions-legales\/#breadcrumb\"},\"inLanguage\":\"de\",\"potentialAction\":[{\"@type\":\"ReadAction\",\"target\":[\"https:\/\/www.torradilalba.com\/mentions-legales\/\"]}]},{\"@type\":\"BreadcrumbList\",\"@id\":\"https:\/\/www.torradilalba.com\/mentions-legales\/#breadcrumb\",\"itemListElement\":[{\"@type\":\"ListItem\",\"position\":1,\"name\":\"Accueil\",\"item\":\"https:\/\/www.torradilalba.com\/\"},{\"@type\":\"ListItem\",\"position\":2,\"name\":\"Mentions l\u00e9gales\"}]},{\"@type\":\"WebSite\",\"@id\":\"https:\/\/www.torradilalba.com\/#website\",\"url\":\"https:\/\/www.torradilalba.com\/\",\"name\":\"Torra di l&#039;Alba\",\"description\":\"Maison \u00e0 louer \u00e0 Viggianello, Corse\",\"publisher\":{\"@id\":\"https:\/\/www.torradilalba.com\/#organization\"},\"potentialAction\":[{\"@type\":\"SearchAction\",\"target\":{\"@type\":\"EntryPoint\",\"urlTemplate\":\"https:\/\/www.torradilalba.com\/?s={search_term_string}\"},\"query-input\":{\"@type\":\"PropertyValueSpecification\",\"valueRequired\":true,\"valueName\":\"search_term_string\"}}],\"inLanguage\":\"de\"},{\"@type\":\"Organization\",\"@id\":\"https:\/\/www.torradilalba.com\/#organization\",\"name\":\"Torra di l&#039;Alba\",\"url\":\"https:\/\/www.torradilalba.com\/\",\"logo\":{\"@type\":\"ImageObject\",\"inLanguage\":\"de\",\"@id\":\"https:\/\/www.torradilalba.com\/#\/schema\/logo\/image\/\",\"url\":\"https:\/\/www.torradilalba.com\/wp-content\/uploads\/2025\/07\/cropped-Torra-di-lAlba.png\",\"contentUrl\":\"https:\/\/www.torradilalba.com\/wp-content\/uploads\/2025\/07\/cropped-Torra-di-lAlba.png\",\"width\":599,\"height\":324,\"caption\":\"Torra di l&#039;Alba\"},\"image\":{\"@id\":\"https:\/\/www.torradilalba.com\/#\/schema\/logo\/image\/\"}}]}<\/script>\n<!-- \/ Yoast SEO plugin. -->","yoast_head_json":{"title":"Rechtliche Hinweise - Torra di l&#039;Alba","robots":{"index":"index","follow":"follow","max-snippet":"max-snippet:-1","max-image-preview":"max-image-preview:large","max-video-preview":"max-video-preview:-1"},"canonical":"https:\/\/www.torradilalba.com\/de\/mentions-legales\/","og_locale":"de_DE","og_type":"article","og_title":"Mentions l\u00e9gales - Torra di l&#039;Alba","og_description":"\u00c9diteur du site Le pr\u00e9sent site est \u00e9dit\u00e9 par :LEONETTI No\u00e9mieEntreprise individuelleSIREN : 911 237 063SIRET (si\u00e8ge) : 911 237 063 00019Num\u00e9ro de TVA intracommunautaire : FR68911237063Inscription au RCS : INSCRIT au greffe d\u2019Ajaccio, le 07\/02\/2025Inscription au RNE : INSCRIT, le 01\/04\/2022Num\u00e9ro RCS : 911 237 063 R.C.S. Ajaccio H\u00e9bergement du site Le site est [&hellip;]","og_url":"https:\/\/www.torradilalba.com\/de\/mentions-legales\/","og_site_name":"Torra di l&#039;Alba","article_modified_time":"2025-07-17T07:40:32+00:00","twitter_card":"summary_large_image","twitter_misc":{"Gesch\u00e4tzte Lesezeit":"2\u00a0Minuten"},"schema":{"@context":"https:\/\/schema.org","@graph":[{"@type":"WebPage","@id":"https:\/\/www.torradilalba.com\/mentions-legales\/","url":"https:\/\/www.torradilalba.com\/mentions-legales\/","name":"Rechtliche Hinweise - Torra di l&#039;Alba","isPartOf":{"@id":"https:\/\/www.torradilalba.com\/#website"},"datePublished":"2025-07-17T07:34:36+00:00","dateModified":"2025-07-17T07:40:32+00:00","breadcrumb":{"@id":"https:\/\/www.torradilalba.com\/mentions-legales\/#breadcrumb"},"inLanguage":"de","potentialAction":[{"@type":"ReadAction","target":["https:\/\/www.torradilalba.com\/mentions-legales\/"]}]},{"@type":"BreadcrumbList","@id":"https:\/\/www.torradilalba.com\/mentions-legales\/#breadcrumb","itemListElement":[{"@type":"ListItem","position":1,"name":"Accueil","item":"https:\/\/www.torradilalba.com\/"},{"@type":"ListItem","position":2,"name":"Mentions l\u00e9gales"}]},{"@type":"WebSite","@id":"https:\/\/www.torradilalba.com\/#website","url":"https:\/\/www.torradilalba.com\/","name":"Torra di l&#039;Alba","description":"Haus zu vermieten in Viggianello, Korsika","publisher":{"@id":"https:\/\/www.torradilalba.com\/#organization"},"potentialAction":[{"@type":"SearchAction","target":{"@type":"EntryPoint","urlTemplate":"https:\/\/www.torradilalba.com\/?s={search_term_string}"},"query-input":{"@type":"PropertyValueSpecification","valueRequired":true,"valueName":"search_term_string"}}],"inLanguage":"de"},{"@type":"Organization","@id":"https:\/\/www.torradilalba.com\/#organization","name":"Torra di l&#039;Alba","url":"https:\/\/www.torradilalba.com\/","logo":{"@type":"ImageObject","inLanguage":"de","@id":"https:\/\/www.torradilalba.com\/#\/schema\/logo\/image\/","url":"https:\/\/www.torradilalba.com\/wp-content\/uploads\/2025\/07\/cropped-Torra-di-lAlba.png","contentUrl":"https:\/\/www.torradilalba.com\/wp-content\/uploads\/2025\/07\/cropped-Torra-di-lAlba.png","width":599,"height":324,"caption":"Torra di l&#039;Alba"},"image":{"@id":"https:\/\/www.torradilalba.com\/#\/schema\/logo\/image\/"}}]}},"_links":{"self":[{"href":"https:\/\/www.torradilalba.com\/de\/wp-json\/wp\/v2\/pages\/3249","targetHints":{"allow":["GET"]}}],"collection":[{"href":"https:\/\/www.torradilalba.com\/de\/wp-json\/wp\/v2\/pages"}],"about":[{"href":"https:\/\/www.torradilalba.com\/de\/wp-json\/wp\/v2\/types\/page"}],"author":[{"embeddable":true,"href":"https:\/\/www.torradilalba.com\/de\/wp-json\/wp\/v2\/users\/1"}],"replies":[{"embeddable":true,"href":"https:\/\/www.torradilalba.com\/de\/wp-json\/wp\/v2\/comments?post=3249"}],"version-history":[{"count":0,"href":"https:\/\/www.torradilalba.com\/de\/wp-json\/wp\/v2\/pages\/3249\/revisions"}],"wp:attachment":[{"href":"https:\/\/www.torradilalba.com\/de\/wp-json\/wp\/v2\/media?parent=3249"}],"curies":[{"name":"wp","href":"https:\/\/api.w.org\/{rel}","templated":true}]}}