{"id":3234,"date":"2025-07-17T09:12:10","date_gmt":"2025-07-17T07:12:10","guid":{"rendered":"https:\/\/www.torradilalba.com\/?page_id=3234"},"modified":"2025-09-02T11:36:36","modified_gmt":"2025-09-02T09:36:36","slug":"histoire","status":"publish","type":"page","link":"https:\/\/www.torradilalba.com\/de\/histoire\/","title":{"rendered":"Geschichte"},"content":{"rendered":"<div data-elementor-type=\"wp-page\" data-elementor-id=\"3234\" class=\"elementor elementor-3234\" data-elementor-post-type=\"page\">\n\t\t\t\t<div class=\"elementor-element elementor-element-135d0a6 e-flex e-con-boxed e-con e-parent\" data-id=\"135d0a6\" data-element_type=\"container\" data-settings=\"{&quot;background_background&quot;:&quot;slideshow&quot;,&quot;background_slideshow_gallery&quot;:[{&quot;id&quot;:3242,&quot;url&quot;:&quot;https:\\\/\\\/www.torradilalba.com\\\/wp-content\\\/uploads\\\/2025\\\/07\\\/Torra-di-lalba-2025-07-16-18.jpg&quot;}],&quot;background_slideshow_slide_duration&quot;:4000,&quot;background_slideshow_transition_duration&quot;:1000,&quot;background_slideshow_ken_burns&quot;:&quot;yes&quot;,&quot;background_slideshow_ken_burns_zoom_direction&quot;:&quot;out&quot;,&quot;background_slideshow_loop&quot;:&quot;yes&quot;,&quot;background_slideshow_slide_transition&quot;:&quot;fade&quot;}\">\n\t\t\t\t\t<div class=\"e-con-inner\">\n\t\t\t\t<div class=\"elementor-element elementor-element-1bc6564 elementor-widget elementor-widget-heading\" data-id=\"1bc6564\" data-element_type=\"widget\" data-widget_type=\"heading.default\">\n\t\t\t\t\t<h2 class=\"elementor-heading-title elementor-size-default\">Die Geheimnisse der Torra di l'Alba<\/h2>\t\t\t\t<\/div>\n\t\t\t\t<div class=\"elementor-element elementor-element-79ee78e elementor-widget elementor-widget-heading\" data-id=\"79ee78e\" data-element_type=\"widget\" data-widget_type=\"heading.default\">\n\t\t\t\t\t<h1 class=\"elementor-heading-title elementor-size-default\">Vom Wachturm zum Hafen des Friedens<\/h1>\t\t\t\t<\/div>\n\t\t\t\t\t<\/div>\n\t\t\t\t<\/div>\n\t\t<div class=\"elementor-element elementor-element-cea2292 e-flex e-con-boxed e-con e-parent\" data-id=\"cea2292\" data-element_type=\"container\" data-settings=\"{&quot;background_background&quot;:&quot;gradient&quot;}\">\n\t\t\t\t\t<div class=\"e-con-inner\">\n\t\t<div class=\"elementor-element elementor-element-1e8f861 e-con-full e-flex e-con e-child\" data-id=\"1e8f861\" data-element_type=\"container\">\n\t\t<div class=\"elementor-element elementor-element-239d1e8 e-con-full e-flex e-con e-child\" data-id=\"239d1e8\" data-element_type=\"container\">\n\t\t\t\t<div class=\"elementor-element elementor-element-3a261a7 elementor-invisible elementor-widget elementor-widget-image\" data-id=\"3a261a7\" data-element_type=\"widget\" data-settings=\"{&quot;_animation&quot;:&quot;scaleIn&quot;,&quot;motion_fx_motion_fx_scrolling&quot;:&quot;yes&quot;,&quot;motion_fx_translateY_effect&quot;:&quot;yes&quot;,&quot;motion_fx_translateY_speed&quot;:{&quot;unit&quot;:&quot;px&quot;,&quot;size&quot;:1.2,&quot;sizes&quot;:[]},&quot;motion_fx_translateY_affectedRange&quot;:{&quot;unit&quot;:&quot;%&quot;,&quot;size&quot;:&quot;&quot;,&quot;sizes&quot;:{&quot;start&quot;:0,&quot;end&quot;:100}},&quot;motion_fx_devices&quot;:[&quot;desktop&quot;,&quot;laptop&quot;,&quot;tablet&quot;,&quot;mobile_extra&quot;,&quot;mobile&quot;]}\" data-widget_type=\"image.default\">\n\t\t\t\t\t\t\t\t\t\t\t\t\t\t\t<img fetchpriority=\"high\" decoding=\"async\" width=\"1500\" height=\"1000\" src=\"https:\/\/www.torradilalba.com\/wp-content\/uploads\/2025\/07\/Torra-di-lalba-2025-07-16-18-1.jpg\" class=\"attachment-full size-full wp-image-3244\" alt=\"\" srcset=\"https:\/\/www.torradilalba.com\/wp-content\/uploads\/2025\/07\/Torra-di-lalba-2025-07-16-18-1.jpg 1500w, https:\/\/www.torradilalba.com\/wp-content\/uploads\/2025\/07\/Torra-di-lalba-2025-07-16-18-1-300x200.jpg 300w, https:\/\/www.torradilalba.com\/wp-content\/uploads\/2025\/07\/Torra-di-lalba-2025-07-16-18-1-1024x683.jpg 1024w, https:\/\/www.torradilalba.com\/wp-content\/uploads\/2025\/07\/Torra-di-lalba-2025-07-16-18-1-768x512.jpg 768w, https:\/\/www.torradilalba.com\/wp-content\/uploads\/2025\/07\/Torra-di-lalba-2025-07-16-18-1-18x12.jpg 18w\" sizes=\"(max-width: 1500px) 100vw, 1500px\" \/>\t\t\t\t\t\t\t\t\t\t\t\t\t\t\t<\/div>\n\t\t\t\t<div class=\"elementor-element elementor-element-ae10556 elementor-widget__width-initial elementor-absolute elementor-invisible elementor-widget elementor-widget-image\" data-id=\"ae10556\" data-element_type=\"widget\" data-settings=\"{&quot;_position&quot;:&quot;absolute&quot;,&quot;_animation&quot;:&quot;scaleIn&quot;,&quot;motion_fx_motion_fx_scrolling&quot;:&quot;yes&quot;,&quot;motion_fx_translateY_effect&quot;:&quot;yes&quot;,&quot;motion_fx_translateY_speed&quot;:{&quot;unit&quot;:&quot;px&quot;,&quot;size&quot;:1.7,&quot;sizes&quot;:[]},&quot;motion_fx_translateY_affectedRange&quot;:{&quot;unit&quot;:&quot;%&quot;,&quot;size&quot;:&quot;&quot;,&quot;sizes&quot;:{&quot;start&quot;:0,&quot;end&quot;:100}},&quot;motion_fx_devices&quot;:[&quot;desktop&quot;,&quot;laptop&quot;,&quot;tablet&quot;,&quot;mobile_extra&quot;,&quot;mobile&quot;]}\" data-widget_type=\"image.default\">\n\t\t\t\t\t\t\t\t\t\t\t\t\t\t\t<img decoding=\"async\" src=\"https:\/\/www.torradilalba.com\/wp-content\/uploads\/elementor\/thumbs\/Torra-di-lalba-2025-07-16-16-r8vqp2yngnablb55fsva3zui2bp10hzlgwdqga2w08.jpg\" title=\"Torra di lalba - 2025 - 07 - 16 - 16\" alt=\"Torra di lalba - 2025 - 07 - 16 - 16\" loading=\"lazy\" \/>\t\t\t\t\t\t\t\t\t\t\t\t\t\t\t<\/div>\n\t\t\t\t<\/div>\n\t\t<div class=\"elementor-element elementor-element-9cf67c1 e-con-full e-flex e-con e-child\" data-id=\"9cf67c1\" data-element_type=\"container\">\n\t\t\t\t<div class=\"elementor-element elementor-element-875e516 elementor-widget elementor-widget-heading\" data-id=\"875e516\" data-element_type=\"widget\" data-widget_type=\"heading.default\">\n\t\t\t\t\t<h3 class=\"elementor-heading-title elementor-size-default\">Wohnen Sie in einem Haus mit 400 Jahren Geschichte auf Korsika<\/h3>\t\t\t\t<\/div>\n\t\t\t\t<div class=\"elementor-element elementor-element-93d8111 elementor-widget elementor-widget-text-editor\" data-id=\"93d8111\" data-element_type=\"widget\" data-widget_type=\"text-editor.default\">\n\t\t\t\t\t\t\t\t\t<p data-start=\"474\" data-end=\"784\">Im Herzen des Dorfes Viggianello, auf den Anh\u00f6hen des Golfs von Valinco, steht die Torra di l'Alba. Dieser einzigartige Ort ist mehr als nur ein Haus: Es ist ein <strong data-start=\"633\" data-end=\"674\">stiller Zeuge der korsischen Geschichte<\/strong>Jahrhundert erbaut, um Familien vor Bedrohungen von au\u00dfen zu sch\u00fctzen.<\/p><p data-start=\"786\" data-end=\"1091\">In einer Zeit, die gepr\u00e4gt war von <strong data-start=\"815\" data-end=\"839\">Barbaresken-Razzias<\/strong> und die <strong data-start=\"847\" data-end=\"871\">Konflikte zwischen Clans<\/strong>Die Granitgeb\u00e4ude waren auf Widerstand ausgelegt: dicke Mauern, kleine \u00d6ffnungen, defensive Elemente wie die \"Pest\". <strong data-start=\"989\" data-end=\"1001\">Brecheisen<\/strong> noch heute sichtbar... Alles diente einem einzigen Zweck: <strong data-start=\"1059\" data-end=\"1090\">beherbergen, sch\u00fctzen, \u00fcberleben<\/strong>.<\/p>\t\t\t\t\t\t\t\t<\/div>\n\t\t\t\t<\/div>\n\t\t\t\t<\/div>\n\t\t\t\t\t<\/div>\n\t\t\t\t<\/div>\n\t\t<div class=\"elementor-element elementor-element-88d7ff4 e-flex e-con-boxed e-con e-parent\" data-id=\"88d7ff4\" data-element_type=\"container\">\n\t\t\t\t\t<div class=\"e-con-inner\">\n\t\t\t\t<div class=\"elementor-element elementor-element-6790834 elementor-widget elementor-widget-html\" data-id=\"6790834\" data-element_type=\"widget\" data-widget_type=\"html.default\">\n\t\t\t\t\t<div class=\"timeline\">\n  \n  <div class=\"container left\">\n    <div class=\"content\">\n      <div class=\"date\">1583<\/div>\n      <p>\u00dcberfall auf das Dorf Arbellara. Der Angriff l\u00f6st eine Welle von Verteidigungsbauten in der Region aus, darunter die Torra di l'Alba.<\/p>\n    <\/div>\n  <\/div>\n\n  <div class=\"container right\">\n    <div class=\"content\">\n      <div class=\"date\">1653-1656<\/div>\n      <p>Erste Erw\u00e4hnungen des Turms in den Akten des Notars Carlo di Gio Batista. Das befestigte Haus ist bereits vorhanden.<\/p>\n    <\/div>\n  <\/div>\n\n  <div class=\"container left\">\n    <div class=\"content\">\n      <div class=\"date\">19. Jahrhundert<\/div>\n      <p>Umbau zu einem Wohnhaus. Hinzuf\u00fcgung der Seitenfl\u00fcgel und der heutigen Fassade, wahrscheinlich w\u00e4hrend des Zweiten Kaiserreichs.<\/p>\n    <\/div>\n  <\/div>\n\n  <div class=\"container right\">\n    <div class=\"content\">\n      <div class=\"date\">2025<\/div>\n      <p>La Torra di l'Alba wurde vollst\u00e4ndig und sorgf\u00e4ltig restauriert, um ein repr\u00e4sentatives Haus zu werden, das Erbe und Moderne miteinander verbindet.<\/p>\n    <\/div>\n  <\/div>\n\n<\/div>\t\t\t\t<\/div>\n\t\t\t\t\t<\/div>\n\t\t\t\t<\/div>\n\t\t<div class=\"elementor-element elementor-element-fc31a60 e-flex e-con-boxed e-con e-parent\" data-id=\"fc31a60\" data-element_type=\"container\" data-settings=\"{&quot;background_background&quot;:&quot;classic&quot;}\">\n\t\t\t\t\t<div class=\"e-con-inner\">\n\t\t<div class=\"elementor-element elementor-element-54da2cb e-con-full e-flex e-con e-child\" data-id=\"54da2cb\" data-element_type=\"container\">\n\t\t\t\t<div class=\"elementor-element elementor-element-f2749ad elementor-widget elementor-widget-heading\" data-id=\"f2749ad\" data-element_type=\"widget\" data-widget_type=\"heading.default\">\n\t\t\t\t\t<h3 class=\"elementor-heading-title elementor-size-default\">Eine steinerne Zuflucht zwischen Meer und Macchia<\/h3>\t\t\t\t<\/div>\n\t\t\t\t<div class=\"elementor-element elementor-element-496b79d elementor-widget elementor-widget-text-editor\" data-id=\"496b79d\" data-element_type=\"widget\" data-widget_type=\"text-editor.default\">\n\t\t\t\t\t\t\t\t\t<p data-start=\"1143\" data-end=\"1396\">La Torra di l'Alba geh\u00f6rte zu den H\u00e4usern, die noch heute in den D\u00f6rfern des Landesinneren zu finden sind. Sie steht auf einem Felsvorsprung und <strong data-start=\"1301\" data-end=\"1335\">bot einen freien Blick<\/strong> \u00fcber das Tal und das Meer, sodass jede Gefahr vorhergesehen werden kann.<\/p><p data-start=\"1398\" data-end=\"1702\">Aber hinter diesen robusten Mauern pulsierte das Leben. Das Kochen auf dem Holzfeuer, die Abende mit der Familie, die Erz\u00e4hlungen, die am Feuer weitergegeben wurden... Die Geschichte dieses Hauses ist die Geschichte von <strong data-start=\"1585\" data-end=\"1609\">ganze Generationen<\/strong>Sie sind in ihrem Land verwurzelt und blicken in die Zukunft, ohne jemals zu vergessen, woher sie kommen.<\/p>\t\t\t\t\t\t\t\t<\/div>\n\t\t\t\t<\/div>\n\t\t<div class=\"elementor-element elementor-element-575a216 e-con-full e-flex e-con e-child\" data-id=\"575a216\" data-element_type=\"container\" data-settings=\"{&quot;background_background&quot;:&quot;classic&quot;}\">\n\t\t\t\t<div class=\"elementor-element elementor-element-c713dcd elementor-invisible elementor-widget elementor-widget-image\" data-id=\"c713dcd\" data-element_type=\"widget\" data-settings=\"{&quot;_animation&quot;:&quot;scaleIn&quot;}\" data-widget_type=\"image.default\">\n\t\t\t\t\t\t\t\t\t\t\t\t\t\t\t<img decoding=\"async\" src=\"https:\/\/www.torradilalba.com\/wp-content\/uploads\/elementor\/thumbs\/Torra-di-lalba-2025-07-40-2-r8lbu237wwrbz8pq82wm4mlcvhclwgk30f5jeqo9j4.jpg\" title=\"Torra di lalba - 2025 - 07 - 40-2\" alt=\"Torra di lalba - 2025 - 07 - 40-2\" loading=\"lazy\" \/>\t\t\t\t\t\t\t\t\t\t\t\t\t\t\t<\/div>\n\t\t\t\t<\/div>\n\t\t\t\t\t<\/div>\n\t\t\t\t<\/div>\n\t\t<div class=\"elementor-element elementor-element-cd7885e e-con-full e-flex e-con e-parent\" data-id=\"cd7885e\" data-element_type=\"container\" data-settings=\"{&quot;background_background&quot;:&quot;video&quot;}\">\n\t\t\t\t<\/div>\n\t\t\t\t<\/div>","protected":false},"excerpt":{"rendered":"<p>Die Geheimnisse der Torra di l'Alba Vom Wachturm zur Oase des Friedens Wohnen Sie in einem Haus mit 400 Jahren Geschichte auf Korsika Im Herzen des Dorfes Viggianello, auf den Anh\u00f6hen des Golfs von Valinco, steht die Torra di l'Alba. Dieser einzigartige Ort ist mehr als nur ein Haus: Es ist [...].<\/p>","protected":false},"author":1,"featured_media":0,"parent":0,"menu_order":0,"comment_status":"closed","ping_status":"closed","template":"","meta":{"footnotes":""},"class_list":["post-3234","page","type-page","status-publish","hentry"],"yoast_head":"<!-- This site is optimized with the Yoast SEO plugin v25.4 - https:\/\/yoast.com\/wordpress\/plugins\/seo\/ -->\n<title>Histoire - Torra di l&#039;Alba<\/title>\n<meta name=\"robots\" content=\"index, follow, max-snippet:-1, max-image-preview:large, max-video-preview:-1\" \/>\n<link rel=\"canonical\" href=\"https:\/\/www.torradilalba.com\/de\/histoire\/\" \/>\n<meta property=\"og:locale\" content=\"de_DE\" \/>\n<meta property=\"og:type\" content=\"article\" \/>\n<meta property=\"og:title\" content=\"Histoire - Torra di l&#039;Alba\" \/>\n<meta property=\"og:description\" content=\"Les secrets de la Torra di l\u2019Alba De tour de garde \u00e0 havre de paix S\u00e9journez dans une demeure riche de 400 ans d&rsquo;histoire en Corse Au c\u0153ur du village de Viggianello, sur les hauteurs du golfe du Valinco, se dresse la Torra di l\u2019Alba. Ce lieu unique est plus qu\u2019une simple maison : c\u2019est [&hellip;]\" \/>\n<meta property=\"og:url\" content=\"https:\/\/www.torradilalba.com\/de\/histoire\/\" \/>\n<meta property=\"og:site_name\" content=\"Torra di l&#039;Alba\" \/>\n<meta property=\"article:modified_time\" content=\"2025-09-02T09:36:36+00:00\" \/>\n<meta property=\"og:image\" content=\"https:\/\/www.torradilalba.com\/wp-content\/uploads\/2025\/07\/Torra-di-lalba-2025-07-16-18-1.jpg\" \/>\n\t<meta property=\"og:image:width\" content=\"1500\" \/>\n\t<meta property=\"og:image:height\" content=\"1000\" \/>\n\t<meta property=\"og:image:type\" content=\"image\/jpeg\" \/>\n<meta name=\"twitter:card\" content=\"summary_large_image\" \/>\n<meta name=\"twitter:label1\" content=\"Gesch\u00e4tzte Lesezeit\" \/>\n\t<meta name=\"twitter:data1\" content=\"2\u00a0Minuten\" \/>\n<script type=\"application\/ld+json\" class=\"yoast-schema-graph\">{\"@context\":\"https:\/\/schema.org\",\"@graph\":[{\"@type\":\"WebPage\",\"@id\":\"https:\/\/www.torradilalba.com\/histoire\/\",\"url\":\"https:\/\/www.torradilalba.com\/histoire\/\",\"name\":\"Histoire - Torra di l&#039;Alba\",\"isPartOf\":{\"@id\":\"https:\/\/www.torradilalba.com\/#website\"},\"primaryImageOfPage\":{\"@id\":\"https:\/\/www.torradilalba.com\/histoire\/#primaryimage\"},\"image\":{\"@id\":\"https:\/\/www.torradilalba.com\/histoire\/#primaryimage\"},\"thumbnailUrl\":\"https:\/\/www.torradilalba.com\/wp-content\/uploads\/2025\/07\/Torra-di-lalba-2025-07-16-18-1.jpg\",\"datePublished\":\"2025-07-17T07:12:10+00:00\",\"dateModified\":\"2025-09-02T09:36:36+00:00\",\"breadcrumb\":{\"@id\":\"https:\/\/www.torradilalba.com\/histoire\/#breadcrumb\"},\"inLanguage\":\"de\",\"potentialAction\":[{\"@type\":\"ReadAction\",\"target\":[\"https:\/\/www.torradilalba.com\/histoire\/\"]}]},{\"@type\":\"ImageObject\",\"inLanguage\":\"de\",\"@id\":\"https:\/\/www.torradilalba.com\/histoire\/#primaryimage\",\"url\":\"https:\/\/www.torradilalba.com\/wp-content\/uploads\/2025\/07\/Torra-di-lalba-2025-07-16-18-1.jpg\",\"contentUrl\":\"https:\/\/www.torradilalba.com\/wp-content\/uploads\/2025\/07\/Torra-di-lalba-2025-07-16-18-1.jpg\"},{\"@type\":\"BreadcrumbList\",\"@id\":\"https:\/\/www.torradilalba.com\/histoire\/#breadcrumb\",\"itemListElement\":[{\"@type\":\"ListItem\",\"position\":1,\"name\":\"Accueil\",\"item\":\"https:\/\/www.torradilalba.com\/\"},{\"@type\":\"ListItem\",\"position\":2,\"name\":\"Histoire\"}]},{\"@type\":\"WebSite\",\"@id\":\"https:\/\/www.torradilalba.com\/#website\",\"url\":\"https:\/\/www.torradilalba.com\/\",\"name\":\"Torra di l&#039;Alba\",\"description\":\"Maison \u00e0 louer \u00e0 Viggianello, Corse\",\"publisher\":{\"@id\":\"https:\/\/www.torradilalba.com\/#organization\"},\"potentialAction\":[{\"@type\":\"SearchAction\",\"target\":{\"@type\":\"EntryPoint\",\"urlTemplate\":\"https:\/\/www.torradilalba.com\/?s={search_term_string}\"},\"query-input\":{\"@type\":\"PropertyValueSpecification\",\"valueRequired\":true,\"valueName\":\"search_term_string\"}}],\"inLanguage\":\"de\"},{\"@type\":\"Organization\",\"@id\":\"https:\/\/www.torradilalba.com\/#organization\",\"name\":\"Torra di l&#039;Alba\",\"url\":\"https:\/\/www.torradilalba.com\/\",\"logo\":{\"@type\":\"ImageObject\",\"inLanguage\":\"de\",\"@id\":\"https:\/\/www.torradilalba.com\/#\/schema\/logo\/image\/\",\"url\":\"https:\/\/www.torradilalba.com\/wp-content\/uploads\/2025\/07\/cropped-Torra-di-lAlba.png\",\"contentUrl\":\"https:\/\/www.torradilalba.com\/wp-content\/uploads\/2025\/07\/cropped-Torra-di-lAlba.png\",\"width\":599,\"height\":324,\"caption\":\"Torra di l&#039;Alba\"},\"image\":{\"@id\":\"https:\/\/www.torradilalba.com\/#\/schema\/logo\/image\/\"}}]}<\/script>\n<!-- \/ Yoast SEO plugin. -->","yoast_head_json":{"title":"Geschichte - Torra di l&#039;Alba","robots":{"index":"index","follow":"follow","max-snippet":"max-snippet:-1","max-image-preview":"max-image-preview:large","max-video-preview":"max-video-preview:-1"},"canonical":"https:\/\/www.torradilalba.com\/de\/histoire\/","og_locale":"de_DE","og_type":"article","og_title":"Histoire - Torra di l&#039;Alba","og_description":"Les secrets de la Torra di l\u2019Alba De tour de garde \u00e0 havre de paix S\u00e9journez dans une demeure riche de 400 ans d&rsquo;histoire en Corse Au c\u0153ur du village de Viggianello, sur les hauteurs du golfe du Valinco, se dresse la Torra di l\u2019Alba. Ce lieu unique est plus qu\u2019une simple maison : c\u2019est [&hellip;]","og_url":"https:\/\/www.torradilalba.com\/de\/histoire\/","og_site_name":"Torra di l&#039;Alba","article_modified_time":"2025-09-02T09:36:36+00:00","og_image":[{"width":1500,"height":1000,"url":"https:\/\/www.torradilalba.com\/wp-content\/uploads\/2025\/07\/Torra-di-lalba-2025-07-16-18-1.jpg","type":"image\/jpeg"}],"twitter_card":"summary_large_image","twitter_misc":{"Gesch\u00e4tzte Lesezeit":"2\u00a0Minuten"},"schema":{"@context":"https:\/\/schema.org","@graph":[{"@type":"WebPage","@id":"https:\/\/www.torradilalba.com\/histoire\/","url":"https:\/\/www.torradilalba.com\/histoire\/","name":"Geschichte - Torra di l&#039;Alba","isPartOf":{"@id":"https:\/\/www.torradilalba.com\/#website"},"primaryImageOfPage":{"@id":"https:\/\/www.torradilalba.com\/histoire\/#primaryimage"},"image":{"@id":"https:\/\/www.torradilalba.com\/histoire\/#primaryimage"},"thumbnailUrl":"https:\/\/www.torradilalba.com\/wp-content\/uploads\/2025\/07\/Torra-di-lalba-2025-07-16-18-1.jpg","datePublished":"2025-07-17T07:12:10+00:00","dateModified":"2025-09-02T09:36:36+00:00","breadcrumb":{"@id":"https:\/\/www.torradilalba.com\/histoire\/#breadcrumb"},"inLanguage":"de","potentialAction":[{"@type":"ReadAction","target":["https:\/\/www.torradilalba.com\/histoire\/"]}]},{"@type":"ImageObject","inLanguage":"de","@id":"https:\/\/www.torradilalba.com\/histoire\/#primaryimage","url":"https:\/\/www.torradilalba.com\/wp-content\/uploads\/2025\/07\/Torra-di-lalba-2025-07-16-18-1.jpg","contentUrl":"https:\/\/www.torradilalba.com\/wp-content\/uploads\/2025\/07\/Torra-di-lalba-2025-07-16-18-1.jpg"},{"@type":"BreadcrumbList","@id":"https:\/\/www.torradilalba.com\/histoire\/#breadcrumb","itemListElement":[{"@type":"ListItem","position":1,"name":"Accueil","item":"https:\/\/www.torradilalba.com\/"},{"@type":"ListItem","position":2,"name":"Histoire"}]},{"@type":"WebSite","@id":"https:\/\/www.torradilalba.com\/#website","url":"https:\/\/www.torradilalba.com\/","name":"Torra di l&#039;Alba","description":"Haus zu vermieten in Viggianello, Korsika","publisher":{"@id":"https:\/\/www.torradilalba.com\/#organization"},"potentialAction":[{"@type":"SearchAction","target":{"@type":"EntryPoint","urlTemplate":"https:\/\/www.torradilalba.com\/?s={search_term_string}"},"query-input":{"@type":"PropertyValueSpecification","valueRequired":true,"valueName":"search_term_string"}}],"inLanguage":"de"},{"@type":"Organization","@id":"https:\/\/www.torradilalba.com\/#organization","name":"Torra di l&#039;Alba","url":"https:\/\/www.torradilalba.com\/","logo":{"@type":"ImageObject","inLanguage":"de","@id":"https:\/\/www.torradilalba.com\/#\/schema\/logo\/image\/","url":"https:\/\/www.torradilalba.com\/wp-content\/uploads\/2025\/07\/cropped-Torra-di-lAlba.png","contentUrl":"https:\/\/www.torradilalba.com\/wp-content\/uploads\/2025\/07\/cropped-Torra-di-lAlba.png","width":599,"height":324,"caption":"Torra di l&#039;Alba"},"image":{"@id":"https:\/\/www.torradilalba.com\/#\/schema\/logo\/image\/"}}]}},"_links":{"self":[{"href":"https:\/\/www.torradilalba.com\/de\/wp-json\/wp\/v2\/pages\/3234","targetHints":{"allow":["GET"]}}],"collection":[{"href":"https:\/\/www.torradilalba.com\/de\/wp-json\/wp\/v2\/pages"}],"about":[{"href":"https:\/\/www.torradilalba.com\/de\/wp-json\/wp\/v2\/types\/page"}],"author":[{"embeddable":true,"href":"https:\/\/www.torradilalba.com\/de\/wp-json\/wp\/v2\/users\/1"}],"replies":[{"embeddable":true,"href":"https:\/\/www.torradilalba.com\/de\/wp-json\/wp\/v2\/comments?post=3234"}],"version-history":[{"count":0,"href":"https:\/\/www.torradilalba.com\/de\/wp-json\/wp\/v2\/pages\/3234\/revisions"}],"wp:attachment":[{"href":"https:\/\/www.torradilalba.com\/de\/wp-json\/wp\/v2\/media?parent=3234"}],"curies":[{"name":"wp","href":"https:\/\/api.w.org\/{rel}","templated":true}]}}